{"id":926,"date":"2023-02-26T14:03:57","date_gmt":"2023-02-26T13:03:57","guid":{"rendered":"https:\/\/www.gassis-heuboden.at\/shop\/?post_type=product&#038;p=926"},"modified":"2023-02-26T14:16:45","modified_gmt":"2023-02-26T13:16:45","slug":"bio-dinkel","status":"publish","type":"product","link":"https:\/\/www.gassis-heuboden.at\/shop\/produkt\/bio-dinkel\/","title":{"rendered":"Bio-Dinkel"},"content":{"rendered":"","protected":false},"excerpt":{"rendered":"<p>Du legst Wert auf eine gesunde Ern\u00e4hrung und m\u00f6chtest hochwertige Produkte aus biologischem Anbau genie\u00dfen? Dann haben wir genau das Richtige f\u00fcr dich &#8211; unseren Bio-Dinkel von Familie Kloibhofer aus Kaltenberg. Der Dinkel wird nach strengen Bio-Richtlinien angebaut und mit besonderer Sorgfalt geerntet und verarbeitet. Die Familie Kloibhofer aus Kaltenberg legt Wert auf traditionelle Landwirtschaft und nachhaltigen Anbau, was man auch im einzigartigen Geschmack des Dinkels sp\u00fcrt. Ob als Zutat f\u00fcr deftige Eint\u00f6pfe, f\u00fcr frisches Brot oder als Beilage zu herzhaften Gerichten &#8211; unser Bio-Dinkel ist vielseitig einsetzbar und wird dich begeistern. Probiere jetzt den Bio-Dinkel von Familie Kloibhofer aus Kaltenberg und erlebe den unverwechselbaren Geschmack und die hohe Qualit\u00e4t, die in jedem Korn stecken. Ein wahrer Genuss f\u00fcr alle, die Wert auf eine gesunde und nachhaltige Ern\u00e4hrung legen!<\/p>\n","protected":false},"featured_media":927,"template":"","meta":[],"product_brand":[],"product_cat":[164],"product_tag":[],"class_list":{"0":"post-926","1":"product","2":"type-product","3":"status-publish","4":"has-post-thumbnail","6":"product_cat-dinkelprodukte","8":"first","9":"instock","10":"taxable","11":"shipping-taxable","12":"purchasable","13":"product-type-simple"},"yoast_head":"<!-- This site is optimized with the Yoast SEO plugin v26.8 - https:\/\/yoast.com\/product\/yoast-seo-wordpress\/ -->\n<title>Bio-Dinkel - Gassis Heuboden Online Shop<\/title>\n<meta name=\"description\" content=\"Du m\u00f6chtest hochwertige Produkte aus biologischem Anbau genie\u00dfen? Dann haben wir genau das Richtige f\u00fcr dich - unseren Bio-Dinkel von Familie Kloibhofer.\" \/>\n<meta name=\"robots\" content=\"index, follow, max-snippet:-1, max-image-preview:large, max-video-preview:-1\" \/>\n<link rel=\"canonical\" href=\"https:\/\/www.gassis-heuboden.at\/shop\/produkt\/bio-dinkel\/\" \/>\n<meta property=\"og:locale\" content=\"de_DE\" \/>\n<meta property=\"og:type\" content=\"article\" \/>\n<meta property=\"og:title\" content=\"Bio-Dinkel - Gassis Heuboden Online Shop\" \/>\n<meta property=\"og:description\" content=\"Du m\u00f6chtest hochwertige Produkte aus biologischem Anbau genie\u00dfen? Dann haben wir genau das Richtige f\u00fcr dich - unseren Bio-Dinkel von Familie Kloibhofer.\" \/>\n<meta property=\"og:url\" content=\"https:\/\/www.gassis-heuboden.at\/shop\/produkt\/bio-dinkel\/\" \/>\n<meta property=\"og:site_name\" content=\"Gassis Heuboden Online Shop\" \/>\n<meta property=\"article:publisher\" content=\"https:\/\/www.facebook.com\/profile.php?id=100057006267113\" \/>\n<meta property=\"article:modified_time\" content=\"2023-02-26T13:16:45+00:00\" \/>\n<meta property=\"og:image\" content=\"https:\/\/www.gassis-heuboden.at\/shop\/wp-content\/uploads\/2023\/02\/Bio-Dinkel-1.jpg\" \/>\n\t<meta property=\"og:image:width\" content=\"1024\" \/>\n\t<meta property=\"og:image:height\" content=\"1024\" \/>\n\t<meta property=\"og:image:type\" content=\"image\/jpeg\" \/>\n<meta name=\"twitter:card\" content=\"summary_large_image\" \/>\n<script type=\"application\/ld+json\" class=\"yoast-schema-graph\">{\"@context\":\"https:\/\/schema.org\",\"@graph\":[{\"@type\":\"WebPage\",\"@id\":\"https:\/\/www.gassis-heuboden.at\/shop\/produkt\/bio-dinkel\/\",\"url\":\"https:\/\/www.gassis-heuboden.at\/shop\/produkt\/bio-dinkel\/\",\"name\":\"Bio-Dinkel - Gassis Heuboden Online Shop\",\"isPartOf\":{\"@id\":\"https:\/\/www.gassis-heuboden.at\/shop\/#website\"},\"primaryImageOfPage\":{\"@id\":\"https:\/\/www.gassis-heuboden.at\/shop\/produkt\/bio-dinkel\/#primaryimage\"},\"image\":{\"@id\":\"https:\/\/www.gassis-heuboden.at\/shop\/produkt\/bio-dinkel\/#primaryimage\"},\"thumbnailUrl\":\"https:\/\/www.gassis-heuboden.at\/shop\/wp-content\/uploads\/2023\/02\/Bio-Dinkel-1.jpg\",\"datePublished\":\"2023-02-26T13:03:57+00:00\",\"dateModified\":\"2023-02-26T13:16:45+00:00\",\"description\":\"Du m\u00f6chtest hochwertige Produkte aus biologischem Anbau genie\u00dfen? Dann haben wir genau das Richtige f\u00fcr dich - unseren Bio-Dinkel von Familie Kloibhofer.\",\"breadcrumb\":{\"@id\":\"https:\/\/www.gassis-heuboden.at\/shop\/produkt\/bio-dinkel\/#breadcrumb\"},\"inLanguage\":\"de\",\"potentialAction\":[{\"@type\":\"ReadAction\",\"target\":[\"https:\/\/www.gassis-heuboden.at\/shop\/produkt\/bio-dinkel\/\"]}]},{\"@type\":\"ImageObject\",\"inLanguage\":\"de\",\"@id\":\"https:\/\/www.gassis-heuboden.at\/shop\/produkt\/bio-dinkel\/#primaryimage\",\"url\":\"https:\/\/www.gassis-heuboden.at\/shop\/wp-content\/uploads\/2023\/02\/Bio-Dinkel-1.jpg\",\"contentUrl\":\"https:\/\/www.gassis-heuboden.at\/shop\/wp-content\/uploads\/2023\/02\/Bio-Dinkel-1.jpg\",\"width\":1024,\"height\":1024},{\"@type\":\"BreadcrumbList\",\"@id\":\"https:\/\/www.gassis-heuboden.at\/shop\/produkt\/bio-dinkel\/#breadcrumb\",\"itemListElement\":[{\"@type\":\"ListItem\",\"position\":1,\"name\":\"Startseite\",\"item\":\"https:\/\/www.gassis-heuboden.at\/shop\/\"},{\"@type\":\"ListItem\",\"position\":2,\"name\":\"Produkte\",\"item\":\"https:\/\/www.gassis-heuboden.at\/shop\/produkte\/\"},{\"@type\":\"ListItem\",\"position\":3,\"name\":\"Bio-Dinkel\"}]},{\"@type\":\"WebSite\",\"@id\":\"https:\/\/www.gassis-heuboden.at\/shop\/#website\",\"url\":\"https:\/\/www.gassis-heuboden.at\/shop\/\",\"name\":\"Gassis Heuboden Online Shop\",\"description\":\"\",\"publisher\":{\"@id\":\"https:\/\/www.gassis-heuboden.at\/shop\/#organization\"},\"alternateName\":\"Gassi's Heuboden\",\"potentialAction\":[{\"@type\":\"SearchAction\",\"target\":{\"@type\":\"EntryPoint\",\"urlTemplate\":\"https:\/\/www.gassis-heuboden.at\/shop\/?s={search_term_string}\"},\"query-input\":{\"@type\":\"PropertyValueSpecification\",\"valueRequired\":true,\"valueName\":\"search_term_string\"}}],\"inLanguage\":\"de\"},{\"@type\":\"Organization\",\"@id\":\"https:\/\/www.gassis-heuboden.at\/shop\/#organization\",\"name\":\"Raphael Gassenbauer\",\"alternateName\":\"Gassi's Heuboden\",\"url\":\"https:\/\/www.gassis-heuboden.at\/shop\/\",\"logo\":{\"@type\":\"ImageObject\",\"inLanguage\":\"de\",\"@id\":\"https:\/\/www.gassis-heuboden.at\/shop\/#\/schema\/logo\/image\/\",\"url\":\"https:\/\/www.gassis-heuboden.at\/shop\/wp-content\/uploads\/2023\/02\/favicon.jpg\",\"contentUrl\":\"https:\/\/www.gassis-heuboden.at\/shop\/wp-content\/uploads\/2023\/02\/favicon.jpg\",\"width\":512,\"height\":512,\"caption\":\"Raphael Gassenbauer\"},\"image\":{\"@id\":\"https:\/\/www.gassis-heuboden.at\/shop\/#\/schema\/logo\/image\/\"},\"sameAs\":[\"https:\/\/www.facebook.com\/profile.php?id=100057006267113\",\"https:\/\/www.instagram.com\/gasthaus_gassis_heuboden\/\"]}]}<\/script>\n<!-- \/ Yoast SEO plugin. -->","yoast_head_json":{"title":"Bio-Dinkel - Gassis Heuboden Online Shop","description":"Du m\u00f6chtest hochwertige Produkte aus biologischem Anbau genie\u00dfen? Dann haben wir genau das Richtige f\u00fcr dich - unseren Bio-Dinkel von Familie Kloibhofer.","robots":{"index":"index","follow":"follow","max-snippet":"max-snippet:-1","max-image-preview":"max-image-preview:large","max-video-preview":"max-video-preview:-1"},"canonical":"https:\/\/www.gassis-heuboden.at\/shop\/produkt\/bio-dinkel\/","og_locale":"de_DE","og_type":"article","og_title":"Bio-Dinkel - Gassis Heuboden Online Shop","og_description":"Du m\u00f6chtest hochwertige Produkte aus biologischem Anbau genie\u00dfen? Dann haben wir genau das Richtige f\u00fcr dich - unseren Bio-Dinkel von Familie Kloibhofer.","og_url":"https:\/\/www.gassis-heuboden.at\/shop\/produkt\/bio-dinkel\/","og_site_name":"Gassis Heuboden Online Shop","article_publisher":"https:\/\/www.facebook.com\/profile.php?id=100057006267113","article_modified_time":"2023-02-26T13:16:45+00:00","og_image":[{"width":1024,"height":1024,"url":"https:\/\/www.gassis-heuboden.at\/shop\/wp-content\/uploads\/2023\/02\/Bio-Dinkel-1.jpg","type":"image\/jpeg"}],"twitter_card":"summary_large_image","schema":{"@context":"https:\/\/schema.org","@graph":[{"@type":"WebPage","@id":"https:\/\/www.gassis-heuboden.at\/shop\/produkt\/bio-dinkel\/","url":"https:\/\/www.gassis-heuboden.at\/shop\/produkt\/bio-dinkel\/","name":"Bio-Dinkel - Gassis Heuboden Online Shop","isPartOf":{"@id":"https:\/\/www.gassis-heuboden.at\/shop\/#website"},"primaryImageOfPage":{"@id":"https:\/\/www.gassis-heuboden.at\/shop\/produkt\/bio-dinkel\/#primaryimage"},"image":{"@id":"https:\/\/www.gassis-heuboden.at\/shop\/produkt\/bio-dinkel\/#primaryimage"},"thumbnailUrl":"https:\/\/www.gassis-heuboden.at\/shop\/wp-content\/uploads\/2023\/02\/Bio-Dinkel-1.jpg","datePublished":"2023-02-26T13:03:57+00:00","dateModified":"2023-02-26T13:16:45+00:00","description":"Du m\u00f6chtest hochwertige Produkte aus biologischem Anbau genie\u00dfen? Dann haben wir genau das Richtige f\u00fcr dich - unseren Bio-Dinkel von Familie Kloibhofer.","breadcrumb":{"@id":"https:\/\/www.gassis-heuboden.at\/shop\/produkt\/bio-dinkel\/#breadcrumb"},"inLanguage":"de","potentialAction":[{"@type":"ReadAction","target":["https:\/\/www.gassis-heuboden.at\/shop\/produkt\/bio-dinkel\/"]}]},{"@type":"ImageObject","inLanguage":"de","@id":"https:\/\/www.gassis-heuboden.at\/shop\/produkt\/bio-dinkel\/#primaryimage","url":"https:\/\/www.gassis-heuboden.at\/shop\/wp-content\/uploads\/2023\/02\/Bio-Dinkel-1.jpg","contentUrl":"https:\/\/www.gassis-heuboden.at\/shop\/wp-content\/uploads\/2023\/02\/Bio-Dinkel-1.jpg","width":1024,"height":1024},{"@type":"BreadcrumbList","@id":"https:\/\/www.gassis-heuboden.at\/shop\/produkt\/bio-dinkel\/#breadcrumb","itemListElement":[{"@type":"ListItem","position":1,"name":"Startseite","item":"https:\/\/www.gassis-heuboden.at\/shop\/"},{"@type":"ListItem","position":2,"name":"Produkte","item":"https:\/\/www.gassis-heuboden.at\/shop\/produkte\/"},{"@type":"ListItem","position":3,"name":"Bio-Dinkel"}]},{"@type":"WebSite","@id":"https:\/\/www.gassis-heuboden.at\/shop\/#website","url":"https:\/\/www.gassis-heuboden.at\/shop\/","name":"Gassis Heuboden Online Shop","description":"","publisher":{"@id":"https:\/\/www.gassis-heuboden.at\/shop\/#organization"},"alternateName":"Gassi's Heuboden","potentialAction":[{"@type":"SearchAction","target":{"@type":"EntryPoint","urlTemplate":"https:\/\/www.gassis-heuboden.at\/shop\/?s={search_term_string}"},"query-input":{"@type":"PropertyValueSpecification","valueRequired":true,"valueName":"search_term_string"}}],"inLanguage":"de"},{"@type":"Organization","@id":"https:\/\/www.gassis-heuboden.at\/shop\/#organization","name":"Raphael Gassenbauer","alternateName":"Gassi's Heuboden","url":"https:\/\/www.gassis-heuboden.at\/shop\/","logo":{"@type":"ImageObject","inLanguage":"de","@id":"https:\/\/www.gassis-heuboden.at\/shop\/#\/schema\/logo\/image\/","url":"https:\/\/www.gassis-heuboden.at\/shop\/wp-content\/uploads\/2023\/02\/favicon.jpg","contentUrl":"https:\/\/www.gassis-heuboden.at\/shop\/wp-content\/uploads\/2023\/02\/favicon.jpg","width":512,"height":512,"caption":"Raphael Gassenbauer"},"image":{"@id":"https:\/\/www.gassis-heuboden.at\/shop\/#\/schema\/logo\/image\/"},"sameAs":["https:\/\/www.facebook.com\/profile.php?id=100057006267113","https:\/\/www.instagram.com\/gasthaus_gassis_heuboden\/"]}]}},"_links":{"self":[{"href":"https:\/\/www.gassis-heuboden.at\/shop\/wp-json\/wp\/v2\/product\/926","targetHints":{"allow":["GET"]}}],"collection":[{"href":"https:\/\/www.gassis-heuboden.at\/shop\/wp-json\/wp\/v2\/product"}],"about":[{"href":"https:\/\/www.gassis-heuboden.at\/shop\/wp-json\/wp\/v2\/types\/product"}],"wp:featuredmedia":[{"embeddable":true,"href":"https:\/\/www.gassis-heuboden.at\/shop\/wp-json\/wp\/v2\/media\/927"}],"wp:attachment":[{"href":"https:\/\/www.gassis-heuboden.at\/shop\/wp-json\/wp\/v2\/media?parent=926"}],"wp:term":[{"taxonomy":"product_brand","embeddable":true,"href":"https:\/\/www.gassis-heuboden.at\/shop\/wp-json\/wp\/v2\/product_brand?post=926"},{"taxonomy":"product_cat","embeddable":true,"href":"https:\/\/www.gassis-heuboden.at\/shop\/wp-json\/wp\/v2\/product_cat?post=926"},{"taxonomy":"product_tag","embeddable":true,"href":"https:\/\/www.gassis-heuboden.at\/shop\/wp-json\/wp\/v2\/product_tag?post=926"}],"curies":[{"name":"wp","href":"https:\/\/api.w.org\/{rel}","templated":true}]}}