{"id":900,"date":"2023-02-25T22:23:03","date_gmt":"2023-02-25T21:23:03","guid":{"rendered":"https:\/\/www.gassis-heuboden.at\/shop\/?post_type=product&#038;p=900"},"modified":"2023-02-26T14:03:43","modified_gmt":"2023-02-26T13:03:43","slug":"lammbratwuerstel","status":"publish","type":"product","link":"https:\/\/www.gassis-heuboden.at\/shop\/produkt\/lammbratwuerstel\/","title":{"rendered":"Lammbratw\u00fcrstel"},"content":{"rendered":"","protected":false},"excerpt":{"rendered":"<p>Du liebst den unvergleichlichen Geschmack von Lammfleisch und m\u00f6chtest ihn nun auch in deiner Wurst genie\u00dfen? Dann haben wir das perfekte Produkt f\u00fcr dich &#8211; unsere Lammbratw\u00fcrstel von Gassi&#8217;s Heuboden! Die W\u00fcrstchen bestehen aus einer Mischung aus feinstem Lamm- und Rindfleisch und werden nach traditioneller Handwerkskunst hergestellt. Die ausgew\u00e4hlten Gew\u00fcrze und die besondere Rezeptur verleihen ihnen einen einzigartigen Geschmack und eine zarte Konsistenz. Ob gegrillt, gebraten oder im Wasserbad gegart &#8211; die Lammbratw\u00fcrstel von Gassi&#8217;s Heuboden sind immer eine gute Wahl und werden dich und deine G\u00e4ste begeistern. Verw\u00f6hne deinen Gaumen mit dem unverwechselbaren Aroma von Lammfleisch und genie\u00dfe die Qualit\u00e4t und Handwerkskunst, die in jedem W\u00fcrstchen stecken. Probiere die Lammbratw\u00fcrstel von Gassi&#8217;s Heuboden jetzt und erlebe den einzigartigen Geschmack unseres handgemachten Produkts!<\/p>\n","protected":false},"featured_media":901,"template":"","meta":[],"product_brand":[],"product_cat":[163,158,156],"product_tag":[],"class_list":{"0":"post-900","1":"product","2":"type-product","3":"status-publish","4":"has-post-thumbnail","6":"product_cat-wuerstel","7":"product_cat-fleisch","8":"product_cat-lamm","10":"first","11":"instock","12":"taxable","13":"shipping-taxable","14":"purchasable","15":"product-type-simple"},"yoast_head":"<!-- This site is optimized with the Yoast SEO plugin v26.8 - https:\/\/yoast.com\/product\/yoast-seo-wordpress\/ -->\n<title>Lammbratw\u00fcrstel - Gassis Heuboden Online Shop<\/title>\n<meta name=\"description\" content=\"Du liebst den unvergleichlichen Geschmack von Lammfleisch? Dann haben wir das perfekte Produkt f\u00fcr dich - unsere Lammbratw\u00fcrstel von Gassi&#039;s Heuboden!\" \/>\n<meta name=\"robots\" content=\"index, follow, max-snippet:-1, max-image-preview:large, max-video-preview:-1\" \/>\n<link rel=\"canonical\" href=\"https:\/\/www.gassis-heuboden.at\/shop\/produkt\/lammbratwuerstel\/\" \/>\n<meta property=\"og:locale\" content=\"de_DE\" \/>\n<meta property=\"og:type\" content=\"article\" \/>\n<meta property=\"og:title\" content=\"Lammbratw\u00fcrstel - Gassis Heuboden Online Shop\" \/>\n<meta property=\"og:description\" content=\"Du liebst den unvergleichlichen Geschmack von Lammfleisch? Dann haben wir das perfekte Produkt f\u00fcr dich - unsere Lammbratw\u00fcrstel von Gassi&#039;s Heuboden!\" \/>\n<meta property=\"og:url\" content=\"https:\/\/www.gassis-heuboden.at\/shop\/produkt\/lammbratwuerstel\/\" \/>\n<meta property=\"og:site_name\" content=\"Gassis Heuboden Online Shop\" \/>\n<meta property=\"article:publisher\" content=\"https:\/\/www.facebook.com\/profile.php?id=100057006267113\" \/>\n<meta property=\"article:modified_time\" content=\"2023-02-26T13:03:43+00:00\" \/>\n<meta property=\"og:image\" content=\"https:\/\/www.gassis-heuboden.at\/shop\/wp-content\/uploads\/2023\/02\/Lammbratwuerstel-1.jpg\" \/>\n\t<meta property=\"og:image:width\" content=\"1024\" \/>\n\t<meta property=\"og:image:height\" content=\"1024\" \/>\n\t<meta property=\"og:image:type\" content=\"image\/jpeg\" \/>\n<meta name=\"twitter:card\" content=\"summary_large_image\" \/>\n<script type=\"application\/ld+json\" class=\"yoast-schema-graph\">{\"@context\":\"https:\/\/schema.org\",\"@graph\":[{\"@type\":\"WebPage\",\"@id\":\"https:\/\/www.gassis-heuboden.at\/shop\/produkt\/lammbratwuerstel\/\",\"url\":\"https:\/\/www.gassis-heuboden.at\/shop\/produkt\/lammbratwuerstel\/\",\"name\":\"Lammbratw\u00fcrstel - Gassis Heuboden Online Shop\",\"isPartOf\":{\"@id\":\"https:\/\/www.gassis-heuboden.at\/shop\/#website\"},\"primaryImageOfPage\":{\"@id\":\"https:\/\/www.gassis-heuboden.at\/shop\/produkt\/lammbratwuerstel\/#primaryimage\"},\"image\":{\"@id\":\"https:\/\/www.gassis-heuboden.at\/shop\/produkt\/lammbratwuerstel\/#primaryimage\"},\"thumbnailUrl\":\"https:\/\/www.gassis-heuboden.at\/shop\/wp-content\/uploads\/2023\/02\/Lammbratwuerstel-1.jpg\",\"datePublished\":\"2023-02-25T21:23:03+00:00\",\"dateModified\":\"2023-02-26T13:03:43+00:00\",\"description\":\"Du liebst den unvergleichlichen Geschmack von Lammfleisch? Dann haben wir das perfekte Produkt f\u00fcr dich - unsere Lammbratw\u00fcrstel von Gassi's Heuboden!\",\"breadcrumb\":{\"@id\":\"https:\/\/www.gassis-heuboden.at\/shop\/produkt\/lammbratwuerstel\/#breadcrumb\"},\"inLanguage\":\"de\",\"potentialAction\":[{\"@type\":\"ReadAction\",\"target\":[\"https:\/\/www.gassis-heuboden.at\/shop\/produkt\/lammbratwuerstel\/\"]}]},{\"@type\":\"ImageObject\",\"inLanguage\":\"de\",\"@id\":\"https:\/\/www.gassis-heuboden.at\/shop\/produkt\/lammbratwuerstel\/#primaryimage\",\"url\":\"https:\/\/www.gassis-heuboden.at\/shop\/wp-content\/uploads\/2023\/02\/Lammbratwuerstel-1.jpg\",\"contentUrl\":\"https:\/\/www.gassis-heuboden.at\/shop\/wp-content\/uploads\/2023\/02\/Lammbratwuerstel-1.jpg\",\"width\":1024,\"height\":1024},{\"@type\":\"BreadcrumbList\",\"@id\":\"https:\/\/www.gassis-heuboden.at\/shop\/produkt\/lammbratwuerstel\/#breadcrumb\",\"itemListElement\":[{\"@type\":\"ListItem\",\"position\":1,\"name\":\"Startseite\",\"item\":\"https:\/\/www.gassis-heuboden.at\/shop\/\"},{\"@type\":\"ListItem\",\"position\":2,\"name\":\"Produkte\",\"item\":\"https:\/\/www.gassis-heuboden.at\/shop\/produkte\/\"},{\"@type\":\"ListItem\",\"position\":3,\"name\":\"Lammbratw\u00fcrstel\"}]},{\"@type\":\"WebSite\",\"@id\":\"https:\/\/www.gassis-heuboden.at\/shop\/#website\",\"url\":\"https:\/\/www.gassis-heuboden.at\/shop\/\",\"name\":\"Gassis Heuboden Online Shop\",\"description\":\"\",\"publisher\":{\"@id\":\"https:\/\/www.gassis-heuboden.at\/shop\/#organization\"},\"alternateName\":\"Gassi's Heuboden\",\"potentialAction\":[{\"@type\":\"SearchAction\",\"target\":{\"@type\":\"EntryPoint\",\"urlTemplate\":\"https:\/\/www.gassis-heuboden.at\/shop\/?s={search_term_string}\"},\"query-input\":{\"@type\":\"PropertyValueSpecification\",\"valueRequired\":true,\"valueName\":\"search_term_string\"}}],\"inLanguage\":\"de\"},{\"@type\":\"Organization\",\"@id\":\"https:\/\/www.gassis-heuboden.at\/shop\/#organization\",\"name\":\"Raphael Gassenbauer\",\"alternateName\":\"Gassi's Heuboden\",\"url\":\"https:\/\/www.gassis-heuboden.at\/shop\/\",\"logo\":{\"@type\":\"ImageObject\",\"inLanguage\":\"de\",\"@id\":\"https:\/\/www.gassis-heuboden.at\/shop\/#\/schema\/logo\/image\/\",\"url\":\"https:\/\/www.gassis-heuboden.at\/shop\/wp-content\/uploads\/2023\/02\/favicon.jpg\",\"contentUrl\":\"https:\/\/www.gassis-heuboden.at\/shop\/wp-content\/uploads\/2023\/02\/favicon.jpg\",\"width\":512,\"height\":512,\"caption\":\"Raphael Gassenbauer\"},\"image\":{\"@id\":\"https:\/\/www.gassis-heuboden.at\/shop\/#\/schema\/logo\/image\/\"},\"sameAs\":[\"https:\/\/www.facebook.com\/profile.php?id=100057006267113\",\"https:\/\/www.instagram.com\/gasthaus_gassis_heuboden\/\"]}]}<\/script>\n<!-- \/ Yoast SEO plugin. -->","yoast_head_json":{"title":"Lammbratw\u00fcrstel - Gassis Heuboden Online Shop","description":"Du liebst den unvergleichlichen Geschmack von Lammfleisch? Dann haben wir das perfekte Produkt f\u00fcr dich - unsere Lammbratw\u00fcrstel von Gassi's Heuboden!","robots":{"index":"index","follow":"follow","max-snippet":"max-snippet:-1","max-image-preview":"max-image-preview:large","max-video-preview":"max-video-preview:-1"},"canonical":"https:\/\/www.gassis-heuboden.at\/shop\/produkt\/lammbratwuerstel\/","og_locale":"de_DE","og_type":"article","og_title":"Lammbratw\u00fcrstel - Gassis Heuboden Online Shop","og_description":"Du liebst den unvergleichlichen Geschmack von Lammfleisch? Dann haben wir das perfekte Produkt f\u00fcr dich - unsere Lammbratw\u00fcrstel von Gassi's Heuboden!","og_url":"https:\/\/www.gassis-heuboden.at\/shop\/produkt\/lammbratwuerstel\/","og_site_name":"Gassis Heuboden Online Shop","article_publisher":"https:\/\/www.facebook.com\/profile.php?id=100057006267113","article_modified_time":"2023-02-26T13:03:43+00:00","og_image":[{"width":1024,"height":1024,"url":"https:\/\/www.gassis-heuboden.at\/shop\/wp-content\/uploads\/2023\/02\/Lammbratwuerstel-1.jpg","type":"image\/jpeg"}],"twitter_card":"summary_large_image","schema":{"@context":"https:\/\/schema.org","@graph":[{"@type":"WebPage","@id":"https:\/\/www.gassis-heuboden.at\/shop\/produkt\/lammbratwuerstel\/","url":"https:\/\/www.gassis-heuboden.at\/shop\/produkt\/lammbratwuerstel\/","name":"Lammbratw\u00fcrstel - Gassis Heuboden Online Shop","isPartOf":{"@id":"https:\/\/www.gassis-heuboden.at\/shop\/#website"},"primaryImageOfPage":{"@id":"https:\/\/www.gassis-heuboden.at\/shop\/produkt\/lammbratwuerstel\/#primaryimage"},"image":{"@id":"https:\/\/www.gassis-heuboden.at\/shop\/produkt\/lammbratwuerstel\/#primaryimage"},"thumbnailUrl":"https:\/\/www.gassis-heuboden.at\/shop\/wp-content\/uploads\/2023\/02\/Lammbratwuerstel-1.jpg","datePublished":"2023-02-25T21:23:03+00:00","dateModified":"2023-02-26T13:03:43+00:00","description":"Du liebst den unvergleichlichen Geschmack von Lammfleisch? Dann haben wir das perfekte Produkt f\u00fcr dich - unsere Lammbratw\u00fcrstel von Gassi's Heuboden!","breadcrumb":{"@id":"https:\/\/www.gassis-heuboden.at\/shop\/produkt\/lammbratwuerstel\/#breadcrumb"},"inLanguage":"de","potentialAction":[{"@type":"ReadAction","target":["https:\/\/www.gassis-heuboden.at\/shop\/produkt\/lammbratwuerstel\/"]}]},{"@type":"ImageObject","inLanguage":"de","@id":"https:\/\/www.gassis-heuboden.at\/shop\/produkt\/lammbratwuerstel\/#primaryimage","url":"https:\/\/www.gassis-heuboden.at\/shop\/wp-content\/uploads\/2023\/02\/Lammbratwuerstel-1.jpg","contentUrl":"https:\/\/www.gassis-heuboden.at\/shop\/wp-content\/uploads\/2023\/02\/Lammbratwuerstel-1.jpg","width":1024,"height":1024},{"@type":"BreadcrumbList","@id":"https:\/\/www.gassis-heuboden.at\/shop\/produkt\/lammbratwuerstel\/#breadcrumb","itemListElement":[{"@type":"ListItem","position":1,"name":"Startseite","item":"https:\/\/www.gassis-heuboden.at\/shop\/"},{"@type":"ListItem","position":2,"name":"Produkte","item":"https:\/\/www.gassis-heuboden.at\/shop\/produkte\/"},{"@type":"ListItem","position":3,"name":"Lammbratw\u00fcrstel"}]},{"@type":"WebSite","@id":"https:\/\/www.gassis-heuboden.at\/shop\/#website","url":"https:\/\/www.gassis-heuboden.at\/shop\/","name":"Gassis Heuboden Online Shop","description":"","publisher":{"@id":"https:\/\/www.gassis-heuboden.at\/shop\/#organization"},"alternateName":"Gassi's Heuboden","potentialAction":[{"@type":"SearchAction","target":{"@type":"EntryPoint","urlTemplate":"https:\/\/www.gassis-heuboden.at\/shop\/?s={search_term_string}"},"query-input":{"@type":"PropertyValueSpecification","valueRequired":true,"valueName":"search_term_string"}}],"inLanguage":"de"},{"@type":"Organization","@id":"https:\/\/www.gassis-heuboden.at\/shop\/#organization","name":"Raphael Gassenbauer","alternateName":"Gassi's Heuboden","url":"https:\/\/www.gassis-heuboden.at\/shop\/","logo":{"@type":"ImageObject","inLanguage":"de","@id":"https:\/\/www.gassis-heuboden.at\/shop\/#\/schema\/logo\/image\/","url":"https:\/\/www.gassis-heuboden.at\/shop\/wp-content\/uploads\/2023\/02\/favicon.jpg","contentUrl":"https:\/\/www.gassis-heuboden.at\/shop\/wp-content\/uploads\/2023\/02\/favicon.jpg","width":512,"height":512,"caption":"Raphael Gassenbauer"},"image":{"@id":"https:\/\/www.gassis-heuboden.at\/shop\/#\/schema\/logo\/image\/"},"sameAs":["https:\/\/www.facebook.com\/profile.php?id=100057006267113","https:\/\/www.instagram.com\/gasthaus_gassis_heuboden\/"]}]}},"_links":{"self":[{"href":"https:\/\/www.gassis-heuboden.at\/shop\/wp-json\/wp\/v2\/product\/900","targetHints":{"allow":["GET"]}}],"collection":[{"href":"https:\/\/www.gassis-heuboden.at\/shop\/wp-json\/wp\/v2\/product"}],"about":[{"href":"https:\/\/www.gassis-heuboden.at\/shop\/wp-json\/wp\/v2\/types\/product"}],"wp:featuredmedia":[{"embeddable":true,"href":"https:\/\/www.gassis-heuboden.at\/shop\/wp-json\/wp\/v2\/media\/901"}],"wp:attachment":[{"href":"https:\/\/www.gassis-heuboden.at\/shop\/wp-json\/wp\/v2\/media?parent=900"}],"wp:term":[{"taxonomy":"product_brand","embeddable":true,"href":"https:\/\/www.gassis-heuboden.at\/shop\/wp-json\/wp\/v2\/product_brand?post=900"},{"taxonomy":"product_cat","embeddable":true,"href":"https:\/\/www.gassis-heuboden.at\/shop\/wp-json\/wp\/v2\/product_cat?post=900"},{"taxonomy":"product_tag","embeddable":true,"href":"https:\/\/www.gassis-heuboden.at\/shop\/wp-json\/wp\/v2\/product_tag?post=900"}],"curies":[{"name":"wp","href":"https:\/\/api.w.org\/{rel}","templated":true}]}}