{"id":873,"date":"2023-02-25T19:16:43","date_gmt":"2023-02-25T18:16:43","guid":{"rendered":"https:\/\/www.gassis-heuboden.at\/shop\/?post_type=product&#038;p=873"},"modified":"2023-02-25T22:44:35","modified_gmt":"2023-02-25T21:44:35","slug":"lamm-faschiertes","status":"publish","type":"product","link":"https:\/\/www.gassis-heuboden.at\/shop\/produkt\/lamm-faschiertes\/","title":{"rendered":"Lamm Faschiertes"},"content":{"rendered":"","protected":false},"excerpt":{"rendered":"<p>Du bist auf der Suche nach einer Abwechslung zu herk\u00f6mmlichem Rinderhack und m\u00f6chtest deinen Gaumen mit etwas Neuem \u00fcberraschen? Dann probiere doch unser Lamm Faschiertes von Gassi&#8217;s Heuboden! Ausgezeichnete Qualit\u00e4t und traditionelle Handwerkskunst sind unsere Markenzeichen &#8211; und das schmeckst du auch bei unserem Faschierten. Das Lammfleisch stammt aus eigener Zucht und wird mit besonderer Sorgfalt ausgew\u00e4hlt und verarbeitet. Das Ergebnis ist ein saftiges und aromatisches Faschiertes, das sich hervorragend f\u00fcr eine Vielzahl von Gerichten eignet. Ob als Zutat f\u00fcr deinen Lieblings-Burger, f\u00fcr eine herzhafte Lasagne oder f\u00fcr eine orientalische Tajine &#8211; das Lamm Faschiertes von Gassi&#8217;s Heuboden verleiht jedem Gericht das gewisse Extra. Probiere es jetzt und erlebe den unvergleichlichen Geschmack unseres handgemachten Faschierten.<\/p>\n","protected":false},"featured_media":875,"template":"","meta":[],"product_brand":[],"product_cat":[158,156],"product_tag":[],"class_list":{"0":"post-873","1":"product","2":"type-product","3":"status-publish","4":"has-post-thumbnail","6":"product_cat-fleisch","7":"product_cat-lamm","9":"first","10":"instock","11":"taxable","12":"shipping-taxable","13":"purchasable","14":"product-type-variable"},"yoast_head":"<!-- This site is optimized with the Yoast SEO plugin v26.8 - https:\/\/yoast.com\/product\/yoast-seo-wordpress\/ -->\n<title>Lamm Faschiertes - Gassis Heuboden Online Shop<\/title>\n<meta name=\"description\" content=\"Du bist auf der Suche nach einer Abwechslung zu herk\u00f6mmlichem Rinderhack? Dann probiere doch unser Lamm Faschiertes von Gassi&#039;s Heuboden!\" \/>\n<meta name=\"robots\" content=\"index, follow, max-snippet:-1, max-image-preview:large, max-video-preview:-1\" \/>\n<link rel=\"canonical\" href=\"https:\/\/www.gassis-heuboden.at\/shop\/produkt\/lamm-faschiertes\/\" \/>\n<meta property=\"og:locale\" content=\"de_DE\" \/>\n<meta property=\"og:type\" content=\"article\" \/>\n<meta property=\"og:title\" content=\"Lamm Faschiertes - Gassis Heuboden Online Shop\" \/>\n<meta property=\"og:description\" content=\"Du bist auf der Suche nach einer Abwechslung zu herk\u00f6mmlichem Rinderhack? Dann probiere doch unser Lamm Faschiertes von Gassi&#039;s Heuboden!\" \/>\n<meta property=\"og:url\" content=\"https:\/\/www.gassis-heuboden.at\/shop\/produkt\/lamm-faschiertes\/\" \/>\n<meta property=\"og:site_name\" content=\"Gassis Heuboden Online Shop\" \/>\n<meta property=\"article:publisher\" content=\"https:\/\/www.facebook.com\/profile.php?id=100057006267113\" \/>\n<meta property=\"article:modified_time\" content=\"2023-02-25T21:44:35+00:00\" \/>\n<meta property=\"og:image\" content=\"https:\/\/www.gassis-heuboden.at\/shop\/wp-content\/uploads\/2023\/02\/Lamm-Faschiertes-1.jpg\" \/>\n\t<meta property=\"og:image:width\" content=\"1024\" \/>\n\t<meta property=\"og:image:height\" content=\"1024\" \/>\n\t<meta property=\"og:image:type\" content=\"image\/jpeg\" \/>\n<meta name=\"twitter:card\" content=\"summary_large_image\" \/>\n<script type=\"application\/ld+json\" class=\"yoast-schema-graph\">{\"@context\":\"https:\/\/schema.org\",\"@graph\":[{\"@type\":\"WebPage\",\"@id\":\"https:\/\/www.gassis-heuboden.at\/shop\/produkt\/lamm-faschiertes\/\",\"url\":\"https:\/\/www.gassis-heuboden.at\/shop\/produkt\/lamm-faschiertes\/\",\"name\":\"Lamm Faschiertes - Gassis Heuboden Online Shop\",\"isPartOf\":{\"@id\":\"https:\/\/www.gassis-heuboden.at\/shop\/#website\"},\"primaryImageOfPage\":{\"@id\":\"https:\/\/www.gassis-heuboden.at\/shop\/produkt\/lamm-faschiertes\/#primaryimage\"},\"image\":{\"@id\":\"https:\/\/www.gassis-heuboden.at\/shop\/produkt\/lamm-faschiertes\/#primaryimage\"},\"thumbnailUrl\":\"https:\/\/www.gassis-heuboden.at\/shop\/wp-content\/uploads\/2023\/02\/Lamm-Faschiertes-1.jpg\",\"datePublished\":\"2023-02-25T18:16:43+00:00\",\"dateModified\":\"2023-02-25T21:44:35+00:00\",\"description\":\"Du bist auf der Suche nach einer Abwechslung zu herk\u00f6mmlichem Rinderhack? Dann probiere doch unser Lamm Faschiertes von Gassi's Heuboden!\",\"breadcrumb\":{\"@id\":\"https:\/\/www.gassis-heuboden.at\/shop\/produkt\/lamm-faschiertes\/#breadcrumb\"},\"inLanguage\":\"de\",\"potentialAction\":[{\"@type\":\"ReadAction\",\"target\":[\"https:\/\/www.gassis-heuboden.at\/shop\/produkt\/lamm-faschiertes\/\"]}]},{\"@type\":\"ImageObject\",\"inLanguage\":\"de\",\"@id\":\"https:\/\/www.gassis-heuboden.at\/shop\/produkt\/lamm-faschiertes\/#primaryimage\",\"url\":\"https:\/\/www.gassis-heuboden.at\/shop\/wp-content\/uploads\/2023\/02\/Lamm-Faschiertes-1.jpg\",\"contentUrl\":\"https:\/\/www.gassis-heuboden.at\/shop\/wp-content\/uploads\/2023\/02\/Lamm-Faschiertes-1.jpg\",\"width\":1024,\"height\":1024},{\"@type\":\"BreadcrumbList\",\"@id\":\"https:\/\/www.gassis-heuboden.at\/shop\/produkt\/lamm-faschiertes\/#breadcrumb\",\"itemListElement\":[{\"@type\":\"ListItem\",\"position\":1,\"name\":\"Startseite\",\"item\":\"https:\/\/www.gassis-heuboden.at\/shop\/\"},{\"@type\":\"ListItem\",\"position\":2,\"name\":\"Produkte\",\"item\":\"https:\/\/www.gassis-heuboden.at\/shop\/produkte\/\"},{\"@type\":\"ListItem\",\"position\":3,\"name\":\"Lamm Faschiertes\"}]},{\"@type\":\"WebSite\",\"@id\":\"https:\/\/www.gassis-heuboden.at\/shop\/#website\",\"url\":\"https:\/\/www.gassis-heuboden.at\/shop\/\",\"name\":\"Gassis Heuboden Online Shop\",\"description\":\"\",\"publisher\":{\"@id\":\"https:\/\/www.gassis-heuboden.at\/shop\/#organization\"},\"alternateName\":\"Gassi's Heuboden\",\"potentialAction\":[{\"@type\":\"SearchAction\",\"target\":{\"@type\":\"EntryPoint\",\"urlTemplate\":\"https:\/\/www.gassis-heuboden.at\/shop\/?s={search_term_string}\"},\"query-input\":{\"@type\":\"PropertyValueSpecification\",\"valueRequired\":true,\"valueName\":\"search_term_string\"}}],\"inLanguage\":\"de\"},{\"@type\":\"Organization\",\"@id\":\"https:\/\/www.gassis-heuboden.at\/shop\/#organization\",\"name\":\"Raphael Gassenbauer\",\"alternateName\":\"Gassi's Heuboden\",\"url\":\"https:\/\/www.gassis-heuboden.at\/shop\/\",\"logo\":{\"@type\":\"ImageObject\",\"inLanguage\":\"de\",\"@id\":\"https:\/\/www.gassis-heuboden.at\/shop\/#\/schema\/logo\/image\/\",\"url\":\"https:\/\/www.gassis-heuboden.at\/shop\/wp-content\/uploads\/2023\/02\/favicon.jpg\",\"contentUrl\":\"https:\/\/www.gassis-heuboden.at\/shop\/wp-content\/uploads\/2023\/02\/favicon.jpg\",\"width\":512,\"height\":512,\"caption\":\"Raphael Gassenbauer\"},\"image\":{\"@id\":\"https:\/\/www.gassis-heuboden.at\/shop\/#\/schema\/logo\/image\/\"},\"sameAs\":[\"https:\/\/www.facebook.com\/profile.php?id=100057006267113\",\"https:\/\/www.instagram.com\/gasthaus_gassis_heuboden\/\"]}]}<\/script>\n<!-- \/ Yoast SEO plugin. -->","yoast_head_json":{"title":"Lamm Faschiertes - Gassis Heuboden Online Shop","description":"Du bist auf der Suche nach einer Abwechslung zu herk\u00f6mmlichem Rinderhack? Dann probiere doch unser Lamm Faschiertes von Gassi's Heuboden!","robots":{"index":"index","follow":"follow","max-snippet":"max-snippet:-1","max-image-preview":"max-image-preview:large","max-video-preview":"max-video-preview:-1"},"canonical":"https:\/\/www.gassis-heuboden.at\/shop\/produkt\/lamm-faschiertes\/","og_locale":"de_DE","og_type":"article","og_title":"Lamm Faschiertes - Gassis Heuboden Online Shop","og_description":"Du bist auf der Suche nach einer Abwechslung zu herk\u00f6mmlichem Rinderhack? Dann probiere doch unser Lamm Faschiertes von Gassi's Heuboden!","og_url":"https:\/\/www.gassis-heuboden.at\/shop\/produkt\/lamm-faschiertes\/","og_site_name":"Gassis Heuboden Online Shop","article_publisher":"https:\/\/www.facebook.com\/profile.php?id=100057006267113","article_modified_time":"2023-02-25T21:44:35+00:00","og_image":[{"width":1024,"height":1024,"url":"https:\/\/www.gassis-heuboden.at\/shop\/wp-content\/uploads\/2023\/02\/Lamm-Faschiertes-1.jpg","type":"image\/jpeg"}],"twitter_card":"summary_large_image","schema":{"@context":"https:\/\/schema.org","@graph":[{"@type":"WebPage","@id":"https:\/\/www.gassis-heuboden.at\/shop\/produkt\/lamm-faschiertes\/","url":"https:\/\/www.gassis-heuboden.at\/shop\/produkt\/lamm-faschiertes\/","name":"Lamm Faschiertes - Gassis Heuboden Online Shop","isPartOf":{"@id":"https:\/\/www.gassis-heuboden.at\/shop\/#website"},"primaryImageOfPage":{"@id":"https:\/\/www.gassis-heuboden.at\/shop\/produkt\/lamm-faschiertes\/#primaryimage"},"image":{"@id":"https:\/\/www.gassis-heuboden.at\/shop\/produkt\/lamm-faschiertes\/#primaryimage"},"thumbnailUrl":"https:\/\/www.gassis-heuboden.at\/shop\/wp-content\/uploads\/2023\/02\/Lamm-Faschiertes-1.jpg","datePublished":"2023-02-25T18:16:43+00:00","dateModified":"2023-02-25T21:44:35+00:00","description":"Du bist auf der Suche nach einer Abwechslung zu herk\u00f6mmlichem Rinderhack? Dann probiere doch unser Lamm Faschiertes von Gassi's Heuboden!","breadcrumb":{"@id":"https:\/\/www.gassis-heuboden.at\/shop\/produkt\/lamm-faschiertes\/#breadcrumb"},"inLanguage":"de","potentialAction":[{"@type":"ReadAction","target":["https:\/\/www.gassis-heuboden.at\/shop\/produkt\/lamm-faschiertes\/"]}]},{"@type":"ImageObject","inLanguage":"de","@id":"https:\/\/www.gassis-heuboden.at\/shop\/produkt\/lamm-faschiertes\/#primaryimage","url":"https:\/\/www.gassis-heuboden.at\/shop\/wp-content\/uploads\/2023\/02\/Lamm-Faschiertes-1.jpg","contentUrl":"https:\/\/www.gassis-heuboden.at\/shop\/wp-content\/uploads\/2023\/02\/Lamm-Faschiertes-1.jpg","width":1024,"height":1024},{"@type":"BreadcrumbList","@id":"https:\/\/www.gassis-heuboden.at\/shop\/produkt\/lamm-faschiertes\/#breadcrumb","itemListElement":[{"@type":"ListItem","position":1,"name":"Startseite","item":"https:\/\/www.gassis-heuboden.at\/shop\/"},{"@type":"ListItem","position":2,"name":"Produkte","item":"https:\/\/www.gassis-heuboden.at\/shop\/produkte\/"},{"@type":"ListItem","position":3,"name":"Lamm Faschiertes"}]},{"@type":"WebSite","@id":"https:\/\/www.gassis-heuboden.at\/shop\/#website","url":"https:\/\/www.gassis-heuboden.at\/shop\/","name":"Gassis Heuboden Online Shop","description":"","publisher":{"@id":"https:\/\/www.gassis-heuboden.at\/shop\/#organization"},"alternateName":"Gassi's Heuboden","potentialAction":[{"@type":"SearchAction","target":{"@type":"EntryPoint","urlTemplate":"https:\/\/www.gassis-heuboden.at\/shop\/?s={search_term_string}"},"query-input":{"@type":"PropertyValueSpecification","valueRequired":true,"valueName":"search_term_string"}}],"inLanguage":"de"},{"@type":"Organization","@id":"https:\/\/www.gassis-heuboden.at\/shop\/#organization","name":"Raphael Gassenbauer","alternateName":"Gassi's Heuboden","url":"https:\/\/www.gassis-heuboden.at\/shop\/","logo":{"@type":"ImageObject","inLanguage":"de","@id":"https:\/\/www.gassis-heuboden.at\/shop\/#\/schema\/logo\/image\/","url":"https:\/\/www.gassis-heuboden.at\/shop\/wp-content\/uploads\/2023\/02\/favicon.jpg","contentUrl":"https:\/\/www.gassis-heuboden.at\/shop\/wp-content\/uploads\/2023\/02\/favicon.jpg","width":512,"height":512,"caption":"Raphael Gassenbauer"},"image":{"@id":"https:\/\/www.gassis-heuboden.at\/shop\/#\/schema\/logo\/image\/"},"sameAs":["https:\/\/www.facebook.com\/profile.php?id=100057006267113","https:\/\/www.instagram.com\/gasthaus_gassis_heuboden\/"]}]}},"_links":{"self":[{"href":"https:\/\/www.gassis-heuboden.at\/shop\/wp-json\/wp\/v2\/product\/873","targetHints":{"allow":["GET"]}}],"collection":[{"href":"https:\/\/www.gassis-heuboden.at\/shop\/wp-json\/wp\/v2\/product"}],"about":[{"href":"https:\/\/www.gassis-heuboden.at\/shop\/wp-json\/wp\/v2\/types\/product"}],"wp:featuredmedia":[{"embeddable":true,"href":"https:\/\/www.gassis-heuboden.at\/shop\/wp-json\/wp\/v2\/media\/875"}],"wp:attachment":[{"href":"https:\/\/www.gassis-heuboden.at\/shop\/wp-json\/wp\/v2\/media?parent=873"}],"wp:term":[{"taxonomy":"product_brand","embeddable":true,"href":"https:\/\/www.gassis-heuboden.at\/shop\/wp-json\/wp\/v2\/product_brand?post=873"},{"taxonomy":"product_cat","embeddable":true,"href":"https:\/\/www.gassis-heuboden.at\/shop\/wp-json\/wp\/v2\/product_cat?post=873"},{"taxonomy":"product_tag","embeddable":true,"href":"https:\/\/www.gassis-heuboden.at\/shop\/wp-json\/wp\/v2\/product_tag?post=873"}],"curies":[{"name":"wp","href":"https:\/\/api.w.org\/{rel}","templated":true}]}}