{"id":854,"date":"2023-02-25T18:51:51","date_gmt":"2023-02-25T17:51:51","guid":{"rendered":"https:\/\/www.gassis-heuboden.at\/shop\/?post_type=product&#038;p=854"},"modified":"2023-02-25T19:44:24","modified_gmt":"2023-02-25T18:44:24","slug":"schweine-karreespeck","status":"publish","type":"product","link":"https:\/\/www.gassis-heuboden.at\/shop\/produkt\/schweine-karreespeck\/","title":{"rendered":"Schweine Karreespeck"},"content":{"rendered":"","protected":false},"excerpt":{"rendered":"<p>Du m\u00f6chtest deinem n\u00e4chsten Gericht das gewisse Extra verleihen und bist auf der Suche nach dem perfekten Bauchspeck? Dann probiere doch unseren Schweine Karreespeck von Gassi&#8217;s Heuboden! Ausgezeichnete Qualit\u00e4t und traditionelle Handwerkskunst sind unsere Markenzeichen &#8211; und das schmeckst du auch bei unserem Speck. Der Schweine Karreespeck wird aus dem Bauch des Schweins gewonnen und mit ausgew\u00e4hlten Gew\u00fcrzen veredelt. Die lange Reifung in unserem hauseigenen R\u00e4ucherofen verleiht ihm seinen unvergleichlichen Geschmack und seine zarte Textur. Ob als Zutat f\u00fcr deftige Eint\u00f6pfe, zum Verfeinern von Gem\u00fcsegerichten oder einfach aufs Brot &#8211; der Schweine Karreespeck von Gassi&#8217;s Heuboden ist vielseitig einsetzbar und immer eine gute Wahl. Probiere ihn jetzt und erlebe den einzigartigen Geschmack unseres handgemachten Specks.<\/p>\n","protected":false},"featured_media":861,"template":"","meta":[],"product_brand":[],"product_cat":[158,157],"product_tag":[],"class_list":{"0":"post-854","1":"product","2":"type-product","3":"status-publish","4":"has-post-thumbnail","6":"product_cat-fleisch","7":"product_cat-schwein","9":"first","10":"instock","11":"taxable","12":"shipping-taxable","13":"purchasable","14":"product-type-variable"},"yoast_head":"<!-- This site is optimized with the Yoast SEO plugin v26.8 - https:\/\/yoast.com\/product\/yoast-seo-wordpress\/ -->\n<title>Schweine Karreespeck - Gassis Heuboden Online Shop<\/title>\n<meta name=\"description\" content=\"Du m\u00f6chtest deinem n\u00e4chsten Gericht das gewisse Extra verleihen und bist auf der Suche nach dem perfekten Bauchspeck? Bestelle jetzt bei Gassis Heuboden!\" \/>\n<meta name=\"robots\" content=\"index, follow, max-snippet:-1, max-image-preview:large, max-video-preview:-1\" \/>\n<link rel=\"canonical\" href=\"https:\/\/www.gassis-heuboden.at\/shop\/produkt\/schweine-karreespeck\/\" \/>\n<meta property=\"og:locale\" content=\"de_DE\" \/>\n<meta property=\"og:type\" content=\"article\" \/>\n<meta property=\"og:title\" content=\"Schweine Karreespeck - Gassis Heuboden Online Shop\" \/>\n<meta property=\"og:description\" content=\"Du m\u00f6chtest deinem n\u00e4chsten Gericht das gewisse Extra verleihen und bist auf der Suche nach dem perfekten Bauchspeck? Bestelle jetzt bei Gassis Heuboden!\" \/>\n<meta property=\"og:url\" content=\"https:\/\/www.gassis-heuboden.at\/shop\/produkt\/schweine-karreespeck\/\" \/>\n<meta property=\"og:site_name\" content=\"Gassis Heuboden Online Shop\" \/>\n<meta property=\"article:publisher\" content=\"https:\/\/www.facebook.com\/profile.php?id=100057006267113\" \/>\n<meta property=\"article:modified_time\" content=\"2023-02-25T18:44:24+00:00\" \/>\n<meta property=\"og:image\" content=\"https:\/\/www.gassis-heuboden.at\/shop\/wp-content\/uploads\/2023\/02\/Schweine-Karreespeck-1.jpg\" \/>\n\t<meta property=\"og:image:width\" content=\"1024\" \/>\n\t<meta property=\"og:image:height\" content=\"1024\" \/>\n\t<meta property=\"og:image:type\" content=\"image\/jpeg\" \/>\n<meta name=\"twitter:card\" content=\"summary_large_image\" \/>\n<script type=\"application\/ld+json\" class=\"yoast-schema-graph\">{\"@context\":\"https:\/\/schema.org\",\"@graph\":[{\"@type\":\"WebPage\",\"@id\":\"https:\/\/www.gassis-heuboden.at\/shop\/produkt\/schweine-karreespeck\/\",\"url\":\"https:\/\/www.gassis-heuboden.at\/shop\/produkt\/schweine-karreespeck\/\",\"name\":\"Schweine Karreespeck - Gassis Heuboden Online Shop\",\"isPartOf\":{\"@id\":\"https:\/\/www.gassis-heuboden.at\/shop\/#website\"},\"primaryImageOfPage\":{\"@id\":\"https:\/\/www.gassis-heuboden.at\/shop\/produkt\/schweine-karreespeck\/#primaryimage\"},\"image\":{\"@id\":\"https:\/\/www.gassis-heuboden.at\/shop\/produkt\/schweine-karreespeck\/#primaryimage\"},\"thumbnailUrl\":\"https:\/\/www.gassis-heuboden.at\/shop\/wp-content\/uploads\/2023\/02\/Schweine-Karreespeck-1.jpg\",\"datePublished\":\"2023-02-25T17:51:51+00:00\",\"dateModified\":\"2023-02-25T18:44:24+00:00\",\"description\":\"Du m\u00f6chtest deinem n\u00e4chsten Gericht das gewisse Extra verleihen und bist auf der Suche nach dem perfekten Bauchspeck? Bestelle jetzt bei Gassis Heuboden!\",\"breadcrumb\":{\"@id\":\"https:\/\/www.gassis-heuboden.at\/shop\/produkt\/schweine-karreespeck\/#breadcrumb\"},\"inLanguage\":\"de\",\"potentialAction\":[{\"@type\":\"ReadAction\",\"target\":[\"https:\/\/www.gassis-heuboden.at\/shop\/produkt\/schweine-karreespeck\/\"]}]},{\"@type\":\"ImageObject\",\"inLanguage\":\"de\",\"@id\":\"https:\/\/www.gassis-heuboden.at\/shop\/produkt\/schweine-karreespeck\/#primaryimage\",\"url\":\"https:\/\/www.gassis-heuboden.at\/shop\/wp-content\/uploads\/2023\/02\/Schweine-Karreespeck-1.jpg\",\"contentUrl\":\"https:\/\/www.gassis-heuboden.at\/shop\/wp-content\/uploads\/2023\/02\/Schweine-Karreespeck-1.jpg\",\"width\":1024,\"height\":1024},{\"@type\":\"BreadcrumbList\",\"@id\":\"https:\/\/www.gassis-heuboden.at\/shop\/produkt\/schweine-karreespeck\/#breadcrumb\",\"itemListElement\":[{\"@type\":\"ListItem\",\"position\":1,\"name\":\"Startseite\",\"item\":\"https:\/\/www.gassis-heuboden.at\/shop\/\"},{\"@type\":\"ListItem\",\"position\":2,\"name\":\"Produkte\",\"item\":\"https:\/\/www.gassis-heuboden.at\/shop\/produkte\/\"},{\"@type\":\"ListItem\",\"position\":3,\"name\":\"Schweine Karreespeck\"}]},{\"@type\":\"WebSite\",\"@id\":\"https:\/\/www.gassis-heuboden.at\/shop\/#website\",\"url\":\"https:\/\/www.gassis-heuboden.at\/shop\/\",\"name\":\"Gassis Heuboden Online Shop\",\"description\":\"\",\"publisher\":{\"@id\":\"https:\/\/www.gassis-heuboden.at\/shop\/#organization\"},\"alternateName\":\"Gassi's Heuboden\",\"potentialAction\":[{\"@type\":\"SearchAction\",\"target\":{\"@type\":\"EntryPoint\",\"urlTemplate\":\"https:\/\/www.gassis-heuboden.at\/shop\/?s={search_term_string}\"},\"query-input\":{\"@type\":\"PropertyValueSpecification\",\"valueRequired\":true,\"valueName\":\"search_term_string\"}}],\"inLanguage\":\"de\"},{\"@type\":\"Organization\",\"@id\":\"https:\/\/www.gassis-heuboden.at\/shop\/#organization\",\"name\":\"Raphael Gassenbauer\",\"alternateName\":\"Gassi's Heuboden\",\"url\":\"https:\/\/www.gassis-heuboden.at\/shop\/\",\"logo\":{\"@type\":\"ImageObject\",\"inLanguage\":\"de\",\"@id\":\"https:\/\/www.gassis-heuboden.at\/shop\/#\/schema\/logo\/image\/\",\"url\":\"https:\/\/www.gassis-heuboden.at\/shop\/wp-content\/uploads\/2023\/02\/favicon.jpg\",\"contentUrl\":\"https:\/\/www.gassis-heuboden.at\/shop\/wp-content\/uploads\/2023\/02\/favicon.jpg\",\"width\":512,\"height\":512,\"caption\":\"Raphael Gassenbauer\"},\"image\":{\"@id\":\"https:\/\/www.gassis-heuboden.at\/shop\/#\/schema\/logo\/image\/\"},\"sameAs\":[\"https:\/\/www.facebook.com\/profile.php?id=100057006267113\",\"https:\/\/www.instagram.com\/gasthaus_gassis_heuboden\/\"]}]}<\/script>\n<!-- \/ Yoast SEO plugin. -->","yoast_head_json":{"title":"Schweine Karreespeck - Gassis Heuboden Online Shop","description":"Du m\u00f6chtest deinem n\u00e4chsten Gericht das gewisse Extra verleihen und bist auf der Suche nach dem perfekten Bauchspeck? Bestelle jetzt bei Gassis Heuboden!","robots":{"index":"index","follow":"follow","max-snippet":"max-snippet:-1","max-image-preview":"max-image-preview:large","max-video-preview":"max-video-preview:-1"},"canonical":"https:\/\/www.gassis-heuboden.at\/shop\/produkt\/schweine-karreespeck\/","og_locale":"de_DE","og_type":"article","og_title":"Schweine Karreespeck - Gassis Heuboden Online Shop","og_description":"Du m\u00f6chtest deinem n\u00e4chsten Gericht das gewisse Extra verleihen und bist auf der Suche nach dem perfekten Bauchspeck? Bestelle jetzt bei Gassis Heuboden!","og_url":"https:\/\/www.gassis-heuboden.at\/shop\/produkt\/schweine-karreespeck\/","og_site_name":"Gassis Heuboden Online Shop","article_publisher":"https:\/\/www.facebook.com\/profile.php?id=100057006267113","article_modified_time":"2023-02-25T18:44:24+00:00","og_image":[{"width":1024,"height":1024,"url":"https:\/\/www.gassis-heuboden.at\/shop\/wp-content\/uploads\/2023\/02\/Schweine-Karreespeck-1.jpg","type":"image\/jpeg"}],"twitter_card":"summary_large_image","schema":{"@context":"https:\/\/schema.org","@graph":[{"@type":"WebPage","@id":"https:\/\/www.gassis-heuboden.at\/shop\/produkt\/schweine-karreespeck\/","url":"https:\/\/www.gassis-heuboden.at\/shop\/produkt\/schweine-karreespeck\/","name":"Schweine Karreespeck - Gassis Heuboden Online Shop","isPartOf":{"@id":"https:\/\/www.gassis-heuboden.at\/shop\/#website"},"primaryImageOfPage":{"@id":"https:\/\/www.gassis-heuboden.at\/shop\/produkt\/schweine-karreespeck\/#primaryimage"},"image":{"@id":"https:\/\/www.gassis-heuboden.at\/shop\/produkt\/schweine-karreespeck\/#primaryimage"},"thumbnailUrl":"https:\/\/www.gassis-heuboden.at\/shop\/wp-content\/uploads\/2023\/02\/Schweine-Karreespeck-1.jpg","datePublished":"2023-02-25T17:51:51+00:00","dateModified":"2023-02-25T18:44:24+00:00","description":"Du m\u00f6chtest deinem n\u00e4chsten Gericht das gewisse Extra verleihen und bist auf der Suche nach dem perfekten Bauchspeck? Bestelle jetzt bei Gassis Heuboden!","breadcrumb":{"@id":"https:\/\/www.gassis-heuboden.at\/shop\/produkt\/schweine-karreespeck\/#breadcrumb"},"inLanguage":"de","potentialAction":[{"@type":"ReadAction","target":["https:\/\/www.gassis-heuboden.at\/shop\/produkt\/schweine-karreespeck\/"]}]},{"@type":"ImageObject","inLanguage":"de","@id":"https:\/\/www.gassis-heuboden.at\/shop\/produkt\/schweine-karreespeck\/#primaryimage","url":"https:\/\/www.gassis-heuboden.at\/shop\/wp-content\/uploads\/2023\/02\/Schweine-Karreespeck-1.jpg","contentUrl":"https:\/\/www.gassis-heuboden.at\/shop\/wp-content\/uploads\/2023\/02\/Schweine-Karreespeck-1.jpg","width":1024,"height":1024},{"@type":"BreadcrumbList","@id":"https:\/\/www.gassis-heuboden.at\/shop\/produkt\/schweine-karreespeck\/#breadcrumb","itemListElement":[{"@type":"ListItem","position":1,"name":"Startseite","item":"https:\/\/www.gassis-heuboden.at\/shop\/"},{"@type":"ListItem","position":2,"name":"Produkte","item":"https:\/\/www.gassis-heuboden.at\/shop\/produkte\/"},{"@type":"ListItem","position":3,"name":"Schweine Karreespeck"}]},{"@type":"WebSite","@id":"https:\/\/www.gassis-heuboden.at\/shop\/#website","url":"https:\/\/www.gassis-heuboden.at\/shop\/","name":"Gassis Heuboden Online Shop","description":"","publisher":{"@id":"https:\/\/www.gassis-heuboden.at\/shop\/#organization"},"alternateName":"Gassi's Heuboden","potentialAction":[{"@type":"SearchAction","target":{"@type":"EntryPoint","urlTemplate":"https:\/\/www.gassis-heuboden.at\/shop\/?s={search_term_string}"},"query-input":{"@type":"PropertyValueSpecification","valueRequired":true,"valueName":"search_term_string"}}],"inLanguage":"de"},{"@type":"Organization","@id":"https:\/\/www.gassis-heuboden.at\/shop\/#organization","name":"Raphael Gassenbauer","alternateName":"Gassi's Heuboden","url":"https:\/\/www.gassis-heuboden.at\/shop\/","logo":{"@type":"ImageObject","inLanguage":"de","@id":"https:\/\/www.gassis-heuboden.at\/shop\/#\/schema\/logo\/image\/","url":"https:\/\/www.gassis-heuboden.at\/shop\/wp-content\/uploads\/2023\/02\/favicon.jpg","contentUrl":"https:\/\/www.gassis-heuboden.at\/shop\/wp-content\/uploads\/2023\/02\/favicon.jpg","width":512,"height":512,"caption":"Raphael Gassenbauer"},"image":{"@id":"https:\/\/www.gassis-heuboden.at\/shop\/#\/schema\/logo\/image\/"},"sameAs":["https:\/\/www.facebook.com\/profile.php?id=100057006267113","https:\/\/www.instagram.com\/gasthaus_gassis_heuboden\/"]}]}},"_links":{"self":[{"href":"https:\/\/www.gassis-heuboden.at\/shop\/wp-json\/wp\/v2\/product\/854","targetHints":{"allow":["GET"]}}],"collection":[{"href":"https:\/\/www.gassis-heuboden.at\/shop\/wp-json\/wp\/v2\/product"}],"about":[{"href":"https:\/\/www.gassis-heuboden.at\/shop\/wp-json\/wp\/v2\/types\/product"}],"wp:featuredmedia":[{"embeddable":true,"href":"https:\/\/www.gassis-heuboden.at\/shop\/wp-json\/wp\/v2\/media\/861"}],"wp:attachment":[{"href":"https:\/\/www.gassis-heuboden.at\/shop\/wp-json\/wp\/v2\/media?parent=854"}],"wp:term":[{"taxonomy":"product_brand","embeddable":true,"href":"https:\/\/www.gassis-heuboden.at\/shop\/wp-json\/wp\/v2\/product_brand?post=854"},{"taxonomy":"product_cat","embeddable":true,"href":"https:\/\/www.gassis-heuboden.at\/shop\/wp-json\/wp\/v2\/product_cat?post=854"},{"taxonomy":"product_tag","embeddable":true,"href":"https:\/\/www.gassis-heuboden.at\/shop\/wp-json\/wp\/v2\/product_tag?post=854"}],"curies":[{"name":"wp","href":"https:\/\/api.w.org\/{rel}","templated":true}]}}