{"id":3,"date":"2023-02-02T16:06:23","date_gmt":"2023-02-02T15:06:23","guid":{"rendered":"https:\/\/flatesome-template.pecher-marketing.com\/?page_id=3"},"modified":"2023-02-27T12:00:48","modified_gmt":"2023-02-27T11:00:48","slug":"rechtliche-hinweise","status":"publish","type":"page","link":"https:\/\/www.gassis-heuboden.at\/shop\/rechtliche-hinweise\/","title":{"rendered":"Rechtliche Hinweise"},"content":{"rendered":"<div class=\"row\"  id=\"row-1957744704\">\n\n\t<div id=\"col-997518744\" class=\"col small-12 large-12\"  >\n\t\t\t\t<div class=\"col-inner\"  >\n\t\t\t\n\t\t\t\n<h1>Rechtliche Hinweise<\/h1>\n\t<div id=\"gap-495432470\" class=\"gap-element clearfix\" style=\"display:block; height:auto;\">\n\t\t\n<style>\n#gap-495432470 {\n  padding-top: 30px;\n}\n<\/style>\n\t<\/div>\n\t\n<h2><span class=\"s1\"><b>Haftungsausschluss<\/b><\/span><b><\/b><\/h2>\n<h3><span class=\"s1\"><b>Inhalte unserer Website<\/b><\/span><\/h3>\n<p class=\"p3\"><span class=\"s1\">Die Inhalte unserer Website wurden mit gr\u00f6\u00dfter Sorgfalt erstellt. Wir \u00fcbernehmen keine Gew\u00e4hr f\u00fcr die Richtigkeit, Vollst\u00e4ndigkeit oder Aktualit\u00e4t einzelner Inhalte. Wir sind als Anbieter f\u00fcr die Inhalte unserer Website nach allgemeinen Gesetzen verantwortlich.<\/span><\/p>\n<h3><span class=\"s1\"><b>Inhalte externer Links<\/b><\/span><\/h3>\n<p class=\"p3\"><span class=\"s1\">Unsere Website enth\u00e4lt Links zu externen Websites. Auf deren Inhalt haben wir keinen Einfluss und k\u00f6nnen deshalb f\u00fcr diese auch keine Gew\u00e4hr \u00fcbernehmen. Zum Zeitpunkt der Verlinkung waren rechtswidrige Inhalte nicht zu erkennen. Eine laufende inhaltliche Kontrolle verlinkter Seiten ist nicht zumutbar, sofern keine konkreten Anhaltspunkte einer Rechtsverletzung vorliegen. Sollten uns Rechtsverletzungen bekannt werden, werden die betreffenden Links sofort entfernt.<\/span><\/p>\n<h2><span class=\"s1\"><b>Datenschutzerkl\u00e4rung<\/b><\/span><\/h2>\n<p class=\"p3\"><span class=\"s1\">Der Schutz Ihrer pers\u00f6nlichen Daten ist uns ein besonderes Anliegen. Wir verarbeiten Ihre Daten daher ausschlie\u00dflich auf Grundlage der gesetzlichen Bestimmungen (DSGVO, TKG 2003). In diesen Datenschutzinformationen informieren wir Sie \u00fcber die wichtigsten Aspekte der Datenverarbeitung im Rahmen unserer Website. Wenn Sie per E-Mail Kontakt mit uns aufnehmen, werden Ihre angegebenen Daten zwecks Bearbeitung der Anfrage und f\u00fcr den Fall von Anschlussfragen sechs Monate bei uns gespeichert. Diese Daten geben wir nicht ohne Ihre Einwilligung weiter.<\/span><\/p>\n<h3><span class=\"s1\"><b>Kontakt mit uns<\/b><\/span><\/h3>\n<p class=\"p3\"><span class=\"s1\">Wenn Sie per E-Mail Kontakt mit uns aufnehmen, werden Ihre angegebenen Daten zwecks Bearbeitung der Anfrage und f\u00fcr den Fall von Anschlussfragen sechs Monate bei uns gespeichert. Diese Daten geben wir nicht ohne Ihre Einwilligung weiter.<\/span><\/p>\n<h3><strong>Datenspeicherung<\/strong><\/h3>\n<p>Wir weisen darauf hin, dass zum Zweck des einfacheren Einkaufsvorganges und zur sp\u00e4teren Vertragsabwicklung vom Webshop-Betreiber im Rahmen von Cookies die IP-Daten des Anschlussinhabers gespeichert werden, ebenso wie Name, Anschrift und Kreditkartennummer des K\u00e4ufers.<\/p>\n<p>Dar\u00fcber hinaus werden zum Zweck der Vertragsabwicklung folgende Daten auch bei uns gespeichert: <em>Name, Anschrift und Kontaktdaten<\/em>. Die von Ihnen bereit gestellten Daten sind zur Vertragserf\u00fcllung bzw. zur Durchf\u00fchrung vorvertraglicher Ma\u00dfnahmen erforderlich. Ohne diese Daten k\u00f6nnen wir den Vertrag mit Ihnen nicht abschlie\u00dfen. Eine Daten\u00fcbermittlung an Dritte erfolgt nicht, mit Ausnahme der \u00dcbermittlung der Kreditkartendaten an die abwickelnden Bankinstitute\/Zahlungsdienstleister zum Zwecke der Abbuchung des Einkaufspreises, an das von uns beauftragte Transportunternehmen\/Versandunternehmen zur Zustellung der Ware sowie an unseren Steuerberater zur Erf\u00fcllung unserer steuerrechtlichen Verpflichtungen.<\/p>\n<p>Nach Abbruch des Einkaufsvorganges werden die bei uns gespeicherten Daten gel\u00f6scht. Im Falle eines Vertragsabschlusses werden s\u00e4mtliche Daten aus dem Vertragsverh\u00e4ltnis bis zum Ablauf der steuerrechtlichen Aufbewahrungsfrist (7 Jahre) gespeichert. Die Daten Name, Anschrift, gekaufte Waren und Kaufdatum werden dar\u00fcber hinaus gehend bis zum Ablauf der Produkthaftung (10 Jahre) gespeichert.\u00a0 Die Datenverarbeitung erfolgt auf Basis der gesetzlichen Bestimmungen des \u00a7 96 Abs 3 TKG sowie des Art 6 Abs 1 lit a (Einwilligung) und\/oder lit b (notwendig zur Vertragserf\u00fcllung) der DSGVO.<\/p>\n<h3><span class=\"s1\"><b>Cookies<\/b><\/span><\/h3>\n<p class=\"p3\"><span class=\"s1\">Unsere Website verwendet so genannte Cookies. Dabei handelt es sich um kleine Textdateien, die mit Hilfe des Browsers auf Ihrem Endger\u00e4t abgelegt werden. Sie richten keinen Schaden an.\u00a0<\/span><span class=\"s1\">Wir nutzen Cookies dazu, unser Angebot nutzerfreundlich zu gestalten. Einige Cookies bleiben auf Ihrem Endger\u00e4t gespeichert, bis Sie diese l\u00f6schen. Sie erm\u00f6glichen es uns, Ihren Browser beim n\u00e4chsten Besuch wiederzuerkennen.\u00a0<\/span><span class=\"s1\">Wenn Sie dies nicht w\u00fcnschen, so k\u00f6nnen Sie Ihren Browser so einrichten, dass er Sie \u00fcber das Setzen von Cookies informiert und Sie dies nur im Einzelfall erlauben.\u00a0<\/span><span class=\"s1\">Bei der Deaktivierung von Cookies kann die Funktionalit\u00e4t unserer Website eingeschr\u00e4nkt sein.<\/span><\/p>\n<h3><span class=\"s1\"><b>Ihre Rechte<\/b><\/span><\/h3>\n<p class=\"p3\"><span class=\"s1\">Ihnen stehen grunds\u00e4tzlich die Rechte auf Auskunft, Berichtigung, L\u00f6schung, Einschr\u00e4nkung, Daten\u00fcbertragbarkeit, Widerruf und Widerspruch zu. Wenn Sie glauben, dass die Verarbeitung Ihrer Daten gegen das Datenschutzrecht verst\u00f6\u00dft oder Ihre datenschutzrechtlichen Anspr\u00fcche sonst in einer Weise verletzt worden sind, k\u00f6nnen Sie sich bei der Aufsichtsbeh\u00f6rde beschweren. In \u00d6sterreich ist dies die Datenschutzbeh\u00f6rde.<\/span><\/p>\n<h3>Bildnachweis<\/h3>\n<p>Shutterstock<\/p>\n<p>\u00a0<\/p>\n\t\t<\/div>\n\t\t\t\t\t<\/div>\n\n\t\n<\/div>\n","protected":false},"excerpt":{"rendered":"","protected":false},"author":1,"featured_media":0,"parent":0,"menu_order":14,"comment_status":"closed","ping_status":"closed","template":"","meta":{"footnotes":""},"class_list":["post-3","page","type-page","status-publish","hentry"],"yoast_head":"<!-- This site is optimized with the Yoast SEO plugin v26.8 - https:\/\/yoast.com\/product\/yoast-seo-wordpress\/ -->\n<title>Rechtliche Hinweise - Gassis Heuboden Online Shop<\/title>\n<meta name=\"robots\" content=\"index, follow, max-snippet:-1, max-image-preview:large, max-video-preview:-1\" \/>\n<link rel=\"canonical\" href=\"https:\/\/www.gassis-heuboden.at\/shop\/rechtliche-hinweise\/\" \/>\n<meta property=\"og:locale\" content=\"de_DE\" \/>\n<meta property=\"og:type\" content=\"article\" \/>\n<meta property=\"og:title\" content=\"Rechtliche Hinweise - Gassis Heuboden Online Shop\" \/>\n<meta property=\"og:url\" content=\"https:\/\/www.gassis-heuboden.at\/shop\/rechtliche-hinweise\/\" \/>\n<meta property=\"og:site_name\" content=\"Gassis Heuboden Online Shop\" \/>\n<meta property=\"article:publisher\" content=\"https:\/\/www.facebook.com\/profile.php?id=100057006267113\" \/>\n<meta property=\"article:modified_time\" content=\"2023-02-27T11:00:48+00:00\" \/>\n<meta property=\"og:image\" content=\"https:\/\/www.gassis-heuboden.at\/shop\/wp-content\/uploads\/2023\/02\/open-graph-home-1400x735.png\" \/>\n\t<meta property=\"og:image:width\" content=\"1400\" \/>\n\t<meta property=\"og:image:height\" content=\"735\" \/>\n\t<meta property=\"og:image:type\" content=\"image\/png\" \/>\n<meta name=\"twitter:card\" content=\"summary_large_image\" \/>\n<meta name=\"twitter:label1\" content=\"Gesch\u00e4tzte Lesezeit\" \/>\n\t<meta name=\"twitter:data1\" content=\"3\u00a0Minuten\" \/>\n<script type=\"application\/ld+json\" class=\"yoast-schema-graph\">{\"@context\":\"https:\/\/schema.org\",\"@graph\":[{\"@type\":\"WebPage\",\"@id\":\"https:\/\/www.gassis-heuboden.at\/shop\/rechtliche-hinweise\/\",\"url\":\"https:\/\/www.gassis-heuboden.at\/shop\/rechtliche-hinweise\/\",\"name\":\"Rechtliche Hinweise - Gassis Heuboden Online Shop\",\"isPartOf\":{\"@id\":\"https:\/\/www.gassis-heuboden.at\/shop\/#website\"},\"datePublished\":\"2023-02-02T15:06:23+00:00\",\"dateModified\":\"2023-02-27T11:00:48+00:00\",\"breadcrumb\":{\"@id\":\"https:\/\/www.gassis-heuboden.at\/shop\/rechtliche-hinweise\/#breadcrumb\"},\"inLanguage\":\"de\",\"potentialAction\":[{\"@type\":\"ReadAction\",\"target\":[\"https:\/\/www.gassis-heuboden.at\/shop\/rechtliche-hinweise\/\"]}]},{\"@type\":\"BreadcrumbList\",\"@id\":\"https:\/\/www.gassis-heuboden.at\/shop\/rechtliche-hinweise\/#breadcrumb\",\"itemListElement\":[{\"@type\":\"ListItem\",\"position\":1,\"name\":\"Startseite\",\"item\":\"https:\/\/www.gassis-heuboden.at\/shop\/\"},{\"@type\":\"ListItem\",\"position\":2,\"name\":\"Rechtliche Hinweise\"}]},{\"@type\":\"WebSite\",\"@id\":\"https:\/\/www.gassis-heuboden.at\/shop\/#website\",\"url\":\"https:\/\/www.gassis-heuboden.at\/shop\/\",\"name\":\"Gassis Heuboden Online Shop\",\"description\":\"\",\"publisher\":{\"@id\":\"https:\/\/www.gassis-heuboden.at\/shop\/#organization\"},\"alternateName\":\"Gassi's Heuboden\",\"potentialAction\":[{\"@type\":\"SearchAction\",\"target\":{\"@type\":\"EntryPoint\",\"urlTemplate\":\"https:\/\/www.gassis-heuboden.at\/shop\/?s={search_term_string}\"},\"query-input\":{\"@type\":\"PropertyValueSpecification\",\"valueRequired\":true,\"valueName\":\"search_term_string\"}}],\"inLanguage\":\"de\"},{\"@type\":\"Organization\",\"@id\":\"https:\/\/www.gassis-heuboden.at\/shop\/#organization\",\"name\":\"Raphael Gassenbauer\",\"alternateName\":\"Gassi's Heuboden\",\"url\":\"https:\/\/www.gassis-heuboden.at\/shop\/\",\"logo\":{\"@type\":\"ImageObject\",\"inLanguage\":\"de\",\"@id\":\"https:\/\/www.gassis-heuboden.at\/shop\/#\/schema\/logo\/image\/\",\"url\":\"https:\/\/www.gassis-heuboden.at\/shop\/wp-content\/uploads\/2023\/02\/favicon.jpg\",\"contentUrl\":\"https:\/\/www.gassis-heuboden.at\/shop\/wp-content\/uploads\/2023\/02\/favicon.jpg\",\"width\":512,\"height\":512,\"caption\":\"Raphael Gassenbauer\"},\"image\":{\"@id\":\"https:\/\/www.gassis-heuboden.at\/shop\/#\/schema\/logo\/image\/\"},\"sameAs\":[\"https:\/\/www.facebook.com\/profile.php?id=100057006267113\",\"https:\/\/www.instagram.com\/gasthaus_gassis_heuboden\/\"]}]}<\/script>\n<!-- \/ Yoast SEO plugin. -->","yoast_head_json":{"title":"Rechtliche Hinweise - Gassis Heuboden Online Shop","robots":{"index":"index","follow":"follow","max-snippet":"max-snippet:-1","max-image-preview":"max-image-preview:large","max-video-preview":"max-video-preview:-1"},"canonical":"https:\/\/www.gassis-heuboden.at\/shop\/rechtliche-hinweise\/","og_locale":"de_DE","og_type":"article","og_title":"Rechtliche Hinweise - Gassis Heuboden Online Shop","og_url":"https:\/\/www.gassis-heuboden.at\/shop\/rechtliche-hinweise\/","og_site_name":"Gassis Heuboden Online Shop","article_publisher":"https:\/\/www.facebook.com\/profile.php?id=100057006267113","article_modified_time":"2023-02-27T11:00:48+00:00","og_image":[{"width":1400,"height":735,"url":"https:\/\/www.gassis-heuboden.at\/shop\/wp-content\/uploads\/2023\/02\/open-graph-home-1400x735.png","type":"image\/png"}],"twitter_card":"summary_large_image","twitter_misc":{"Gesch\u00e4tzte Lesezeit":"3\u00a0Minuten"},"schema":{"@context":"https:\/\/schema.org","@graph":[{"@type":"WebPage","@id":"https:\/\/www.gassis-heuboden.at\/shop\/rechtliche-hinweise\/","url":"https:\/\/www.gassis-heuboden.at\/shop\/rechtliche-hinweise\/","name":"Rechtliche Hinweise - Gassis Heuboden Online Shop","isPartOf":{"@id":"https:\/\/www.gassis-heuboden.at\/shop\/#website"},"datePublished":"2023-02-02T15:06:23+00:00","dateModified":"2023-02-27T11:00:48+00:00","breadcrumb":{"@id":"https:\/\/www.gassis-heuboden.at\/shop\/rechtliche-hinweise\/#breadcrumb"},"inLanguage":"de","potentialAction":[{"@type":"ReadAction","target":["https:\/\/www.gassis-heuboden.at\/shop\/rechtliche-hinweise\/"]}]},{"@type":"BreadcrumbList","@id":"https:\/\/www.gassis-heuboden.at\/shop\/rechtliche-hinweise\/#breadcrumb","itemListElement":[{"@type":"ListItem","position":1,"name":"Startseite","item":"https:\/\/www.gassis-heuboden.at\/shop\/"},{"@type":"ListItem","position":2,"name":"Rechtliche Hinweise"}]},{"@type":"WebSite","@id":"https:\/\/www.gassis-heuboden.at\/shop\/#website","url":"https:\/\/www.gassis-heuboden.at\/shop\/","name":"Gassis Heuboden Online Shop","description":"","publisher":{"@id":"https:\/\/www.gassis-heuboden.at\/shop\/#organization"},"alternateName":"Gassi's Heuboden","potentialAction":[{"@type":"SearchAction","target":{"@type":"EntryPoint","urlTemplate":"https:\/\/www.gassis-heuboden.at\/shop\/?s={search_term_string}"},"query-input":{"@type":"PropertyValueSpecification","valueRequired":true,"valueName":"search_term_string"}}],"inLanguage":"de"},{"@type":"Organization","@id":"https:\/\/www.gassis-heuboden.at\/shop\/#organization","name":"Raphael Gassenbauer","alternateName":"Gassi's Heuboden","url":"https:\/\/www.gassis-heuboden.at\/shop\/","logo":{"@type":"ImageObject","inLanguage":"de","@id":"https:\/\/www.gassis-heuboden.at\/shop\/#\/schema\/logo\/image\/","url":"https:\/\/www.gassis-heuboden.at\/shop\/wp-content\/uploads\/2023\/02\/favicon.jpg","contentUrl":"https:\/\/www.gassis-heuboden.at\/shop\/wp-content\/uploads\/2023\/02\/favicon.jpg","width":512,"height":512,"caption":"Raphael Gassenbauer"},"image":{"@id":"https:\/\/www.gassis-heuboden.at\/shop\/#\/schema\/logo\/image\/"},"sameAs":["https:\/\/www.facebook.com\/profile.php?id=100057006267113","https:\/\/www.instagram.com\/gasthaus_gassis_heuboden\/"]}]}},"_links":{"self":[{"href":"https:\/\/www.gassis-heuboden.at\/shop\/wp-json\/wp\/v2\/pages\/3","targetHints":{"allow":["GET"]}}],"collection":[{"href":"https:\/\/www.gassis-heuboden.at\/shop\/wp-json\/wp\/v2\/pages"}],"about":[{"href":"https:\/\/www.gassis-heuboden.at\/shop\/wp-json\/wp\/v2\/types\/page"}],"author":[{"embeddable":true,"href":"https:\/\/www.gassis-heuboden.at\/shop\/wp-json\/wp\/v2\/users\/1"}],"replies":[{"embeddable":true,"href":"https:\/\/www.gassis-heuboden.at\/shop\/wp-json\/wp\/v2\/comments?post=3"}],"version-history":[{"count":13,"href":"https:\/\/www.gassis-heuboden.at\/shop\/wp-json\/wp\/v2\/pages\/3\/revisions"}],"predecessor-version":[{"id":1011,"href":"https:\/\/www.gassis-heuboden.at\/shop\/wp-json\/wp\/v2\/pages\/3\/revisions\/1011"}],"wp:attachment":[{"href":"https:\/\/www.gassis-heuboden.at\/shop\/wp-json\/wp\/v2\/media?parent=3"}],"curies":[{"name":"wp","href":"https:\/\/api.w.org\/{rel}","templated":true}]}}