{"id":149,"date":"2023-02-02T17:06:52","date_gmt":"2023-02-02T16:06:52","guid":{"rendered":"https:\/\/flatesome-template.pecher-marketing.com\/?page_id=149"},"modified":"2023-02-27T11:58:50","modified_gmt":"2023-02-27T10:58:50","slug":"kontakt","status":"publish","type":"page","link":"https:\/\/www.gassis-heuboden.at\/shop\/kontakt\/","title":{"rendered":"Kontakt"},"content":{"rendered":"<div class=\"row row-collapse row-full-width\"  id=\"row-1836069146\">\n\n\t<div id=\"col-466410495\" class=\"col small-12 large-12\"  >\n\t\t\t\t<div class=\"col-inner\"  >\n\t\t\t\n\t\t\t\n\n\t<section class=\"section\" id=\"section_263288978\">\n\t\t<div class=\"section-bg fill\" >\n\t\t\t<img loading=\"lazy\" decoding=\"async\" width=\"2000\" height=\"1333\" src=\"https:\/\/www.gassis-heuboden.at\/shop\/wp-content\/uploads\/2023\/02\/header-kontakt.jpg\" class=\"bg attachment-original size-original\" alt=\"\" \/>\t\t\t\t\t\t<div class=\"section-bg-overlay absolute fill\"><\/div>\n\t\t\t\n\n\t\t<\/div>\n\n\t\t\n\n\t\t<div class=\"section-content relative\">\n\t\t\t\n<div class=\"row row-collapse align-center\" style=\"max-width:\" id=\"row-1336242785\">\n\n\t<div id=\"col-1951758277\" class=\"col small-12 large-12\"  >\n\t\t\t\t<div class=\"col-inner text-center dark\"  >\n\t\t\t\n\t\t\t\n\t<div id=\"text-1855019870\" class=\"text\">\n\t\t\n<h1><span style=\"font-size: 250%;\">Du hast Fragen?<\/span><\/h1>\n<p class=\"lead\">\n\t\t\n<style>\n#text-1855019870 {\n  font-size: 0.75rem;\n}\n@media (min-width:550px) {\n  #text-1855019870 {\n    font-size: 1rem;\n  }\n}\n<\/style>\n\t<\/div>\n\t\n\t\t<\/div>\n\t\t\t\t\n<style>\n#col-1951758277 > .col-inner {\n  padding: 40px 20px 40px 0px;\n}\n@media (min-width:550px) {\n  #col-1951758277 > .col-inner {\n    padding: 100px 0px 120px 0px;\n  }\n}\n@media (min-width:850px) {\n  #col-1951758277 > .col-inner {\n    padding: 100px 0px 200px 0px;\n  }\n}\n<\/style>\n\t<\/div>\n\n\t\n<\/div>\n\t\t<\/div>\n\n\t\t\n<style>\n#section_263288978 {\n  padding-top: 0px;\n  padding-bottom: 0px;\n  min-height: 0px;\n  background-color: rgb(0,0,0);\n}\n#section_263288978 .section-bg-overlay {\n  background-color: rgba(0, 0, 0, 0.12);\n}\n#section_263288978 .section-bg img {\n  object-position: 55% 100%;\n}\n@media (min-width:550px) {\n  #section_263288978 {\n    padding-top: 0px;\n    padding-bottom: 0px;\n  }\n  #section_263288978 .section-bg-overlay {\n    background-color: rgba(0, 0, 0, 0.21);\n  }\n}\n@media (min-width:850px) {\n  #section_263288978 {\n    padding-top: 100px;\n    padding-bottom: 100px;\n  }\n  #section_263288978 .section-bg-overlay {\n    background-color: rgba(0, 0, 0, 0.4);\n  }\n}\n<\/style>\n\t<\/section>\n\t\n\t\t<\/div>\n\t\t\t\t\t<\/div>\n\n\t\n<\/div>\n<div class=\"row row-large\" style=\"max-width:1400px\" id=\"row-162170830\">\n\n\t<div id=\"col-673338260\" class=\"col small-12 large-12\"  >\n\t\t\t\t<div class=\"col-inner\" style=\"background-color:rgb(255, 255, 255);\" >\n\t\t\t\n\t\t\t\n<div class=\"row row-collapse row-full-width\"  id=\"row-1202323828\">\n\n\t<div id=\"col-1191124848\" class=\"col hide-for-small medium-12 small-12 large-12\"  >\n\t\t\t\t<div class=\"col-inner\"  >\n\t\t\t\n\t\t\t\n\t<div id=\"text-2554198742\" class=\"text\">\n\t\t\n<h2><span style=\"font-size: 120%;\">Kontaktiere uns<\/span><\/h2>\n<p>M\u00f6chtest du dich mit uns in Verbindung setzen? Wir w\u00fcrden uns sehr freuen von dir zu h\u00f6ren.<\/p>\n\t\t\n<style>\n#text-2554198742 {\n  text-align: center;\n}\n<\/style>\n\t<\/div>\n\t\n\t<div id=\"gap-1442387905\" class=\"gap-element clearfix\" style=\"display:block; height:auto;\">\n\t\t\n<style>\n#gap-1442387905 {\n  padding-top: 20px;\n}\n@media (min-width:550px) {\n  #gap-1442387905 {\n    padding-top: 20px;\n  }\n}\n@media (min-width:850px) {\n  #gap-1442387905 {\n    padding-top: 30px;\n  }\n}\n<\/style>\n\t<\/div>\n\t\n<div class=\"row\"  id=\"row-183332988\">\n\n\t<div id=\"col-402354056\" class=\"col medium-6 small-12 large-6\"  >\n\t\t\t\t<div class=\"col-inner\"  >\n\t\t\t\n\t\t\t\n\n\t\t<div class=\"icon-box featured-box icon-box-top text-left\"  >\n\t\t\t\t\t<div class=\"icon-box-img\" style=\"width: 32px\">\n\t\t\t\t<div class=\"icon\">\n\t\t\t\t\t<div class=\"icon-inner\" style=\"color:rgb(38, 53, 71);\">\n\t\t\t\t\t\t<svg aria-hidden=\"true\" focusable=\"false\" data-prefix=\"fas\" data-icon=\"map-marker-alt\" class=\"svg-inline--fa fa-map-marker-alt fa-w-12\" role=\"img\" xmlns=\"http:\/\/www.w3.org\/2000\/svg\" viewBox=\"0 0 384 512\"><path fill=\"currentColor\" d=\"M172.268 501.67C26.97 291.031 0 269.413 0 192 0 85.961 85.961 0 192 0s192 85.961 192 192c0 77.413-26.97 99.031-172.268 309.67-9.535 13.774-29.93 13.773-39.464 0zM192 272c44.183 0 80-35.817 80-80s-35.817-80-80-80-80 35.817-80 80 35.817 80 80 80z\"><\/path><\/svg>\t\t\t\t\t<\/div>\n\t\t\t\t<\/div>\n\t\t\t<\/div>\n\t\t\t\t<div class=\"icon-box-text last-reset\">\n\t\t\t\t\t\t\t\t\t\n<h3 class=\"uppercase\">Adresse<\/h3>\n<p><strong>Gassi&#8217;s Heuboden<\/strong><br \/>Freudenthal 24 <br \/>4294 St. Leonhard bei Freistadt<\/p>\n\t\t<\/div>\n\t<\/div>\n\t\n\t\n\t\t<\/div>\n\t\t\t\t\t<\/div>\n\n\t\n\n\t<div id=\"col-1329093775\" class=\"col medium-5 small-12 large-6\"  >\n\t\t\t\t<div class=\"col-inner\"  >\n\t\t\t\n\t\t\t\n\n\t\t<div class=\"icon-box featured-box icon-box-top text-left\"  >\n\t\t\t\t\t<div class=\"icon-box-img\" style=\"width: 40px\">\n\t\t\t\t<div class=\"icon\">\n\t\t\t\t\t<div class=\"icon-inner\" style=\"color:rgb(38, 53, 71);\">\n\t\t\t\t\t\t<svg aria-hidden=\"true\" focusable=\"false\" data-prefix=\"fas\" data-icon=\"clock\" class=\"svg-inline--fa fa-clock fa-w-16\" role=\"img\" xmlns=\"http:\/\/www.w3.org\/2000\/svg\" viewBox=\"0 0 512 512\"><path fill=\"currentColor\" d=\"M256,8C119,8,8,119,8,256S119,504,256,504,504,393,504,256,393,8,256,8Zm92.49,313h0l-20,25a16,16,0,0,1-22.49,2.5h0l-67-49.72a40,40,0,0,1-15-31.23V112a16,16,0,0,1,16-16h32a16,16,0,0,1,16,16V256l58,42.5A16,16,0,0,1,348.49,321Z\"><\/path><\/svg>\t\t\t\t\t<\/div>\n\t\t\t\t<\/div>\n\t\t\t<\/div>\n\t\t\t\t<div class=\"icon-box-text last-reset\">\n\t\t\t\t\t\t\t\t\t\n<h3 class=\"uppercase\">\u00d6ffnungszeiten<\/h3>\n<table style=\"border-collapse: collapse; width: 100%; height: 63px;\">\n<tbody>\n<tr style=\"height: 21px;\">\n<td style=\"width: 30.566%; height: 21px;\">Mi &#8211; Sa<\/td>\n<td style=\"width: 69.434%; height: 21px; text-align: right;\">11:00 &#8211; 24:00 Uhr<\/td>\n<\/tr>\n<tr style=\"height: 21px;\">\n<td style=\"width: 30.566%; height: 21px;\">Sonntag<\/td>\n<td style=\"width: 69.434%; height: 21px; text-align: right;\">09:00 &#8211; 22:00 Uhr<\/td>\n<\/tr>\n<tr>\n<td style=\"width: 30.566%;\">Montag<\/td>\n<td style=\"width: 69.434%; text-align: right;\">Ruhetag<\/td>\n<\/tr>\n<tr>\n<td style=\"width: 30.566%;\">Dienstag<\/td>\n<td style=\"width: 69.434%; text-align: right;\">Ruhetag<\/td>\n<\/tr>\n<\/tbody>\n<\/table>\n\t\t<\/div>\n\t<\/div>\n\t\n\t\n\t\t<\/div>\n\t\t\t\t\t<\/div>\n\n\t\n<\/div>\n<div class=\"row\"  id=\"row-1516637273\">\n\n\t<div id=\"col-1239222333\" class=\"col medium-6 small-12 large-6\"  >\n\t\t\t\t<div class=\"col-inner\"  >\n\t\t\t\n\t\t\t\n\n\t\t<div class=\"icon-box featured-box icon-box-top text-left\"  >\n\t\t\t\t\t<div class=\"icon-box-img\" style=\"width: 40px\">\n\t\t\t\t<div class=\"icon\">\n\t\t\t\t\t<div class=\"icon-inner\" style=\"color:rgb(38, 53, 71);\">\n\t\t\t\t\t\t<svg aria-hidden=\"true\" focusable=\"false\" data-prefix=\"fas\" data-icon=\"envelope\" class=\"svg-inline--fa fa-envelope fa-w-16\" role=\"img\" xmlns=\"http:\/\/www.w3.org\/2000\/svg\" viewBox=\"0 0 512 512\"><path fill=\"currentColor\" d=\"M502.3 190.8c3.9-3.1 9.7-.2 9.7 4.7V400c0 26.5-21.5 48-48 48H48c-26.5 0-48-21.5-48-48V195.6c0-5 5.7-7.8 9.7-4.7 22.4 17.4 52.1 39.5 154.1 113.6 21.1 15.4 56.7 47.8 92.2 47.6 35.7.3 72-32.8 92.3-47.6 102-74.1 131.6-96.3 154-113.7zM256 320c23.2.4 56.6-29.2 73.4-41.4 132.7-96.3 142.8-104.7 173.4-128.7 5.8-4.5 9.2-11.5 9.2-18.9v-19c0-26.5-21.5-48-48-48H48C21.5 64 0 85.5 0 112v19c0 7.4 3.4 14.3 9.2 18.9 30.6 23.9 40.7 32.4 173.4 128.7 16.8 12.2 50.2 41.8 73.4 41.4z\"><\/path><\/svg>\t\t\t\t\t<\/div>\n\t\t\t\t<\/div>\n\t\t\t<\/div>\n\t\t\t\t<div class=\"icon-box-text last-reset\">\n\t\t\t\t\t\t\t\t\t\n<h3 class=\"uppercase\">E-Mail<\/h3>\n<p><a href=\"mailto:info@gassis-heuboden.at\">info@gassis-heuboden.at<\/a><\/p>\n\t\t<\/div>\n\t<\/div>\n\t\n\t\n\t\t<\/div>\n\t\t\t\t\t<\/div>\n\n\t\n\n\t<div id=\"col-1159863257\" class=\"col medium-6 small-12 large-6\"  >\n\t\t\t\t<div class=\"col-inner\"  >\n\t\t\t\n\t\t\t\n\n\t\t<div class=\"icon-box featured-box icon-box-top text-left\"  >\n\t\t\t\t\t<div class=\"icon-box-img\" style=\"width: 40px\">\n\t\t\t\t<div class=\"icon\">\n\t\t\t\t\t<div class=\"icon-inner\" style=\"color:rgb(38, 53, 71);\">\n\t\t\t\t\t\t<svg aria-hidden=\"true\" focusable=\"false\" data-prefix=\"fas\" data-icon=\"phone-alt\" class=\"svg-inline--fa fa-phone-alt fa-w-16\" role=\"img\" xmlns=\"http:\/\/www.w3.org\/2000\/svg\" viewBox=\"0 0 512 512\"><path fill=\"currentColor\" d=\"M497.39 361.8l-112-48a24 24 0 0 0-28 6.9l-49.6 60.6A370.66 370.66 0 0 1 130.6 204.11l60.6-49.6a23.94 23.94 0 0 0 6.9-28l-48-112A24.16 24.16 0 0 0 122.6.61l-104 24A24 24 0 0 0 0 48c0 256.5 207.9 464 464 464a24 24 0 0 0 23.4-18.6l24-104a24.29 24.29 0 0 0-14.01-27.6z\"><\/path><\/svg>\t\t\t\t\t<\/div>\n\t\t\t\t<\/div>\n\t\t\t<\/div>\n\t\t\t\t<div class=\"icon-box-text last-reset\">\n\t\t\t\t\t\t\t\t\t\n<h3 class=\"uppercase\">Telefon<\/h3>\n<p><a title=\"\" href=\"tel:+436643937141\">+43 664 393 71 41<\/a><\/p>\n\t\t<\/div>\n\t<\/div>\n\t\n\t\n\t\t<\/div>\n\t\t\t\t\t<\/div>\n\n\t\n<\/div>\n\t\t<\/div>\n\t\t\t\t\n<style>\n#col-1191124848 > .col-inner {\n  padding: 0px 0px 0px 20px;\n}\n<\/style>\n\t<\/div>\n\n\t\n\n\t<div id=\"col-348937203\" class=\"col show-for-small medium-12 small-12 large-1\"  >\n\t\t\t\t<div class=\"col-inner\"  >\n\t\t\t\n\t\t\t\n<h2><span style=\"font-size: 120%;\">Kontaktiere uns<\/span><\/h2>\n<p>M\u00f6chtest du dich mit uns in Verbindung setzen? Wir w\u00fcrden uns sehr freuen von dir zu h\u00f6ren.<\/p>\n\t<div id=\"gap-1266415519\" class=\"gap-element clearfix\" style=\"display:block; height:auto;\">\n\t\t\n<style>\n#gap-1266415519 {\n  padding-top: 33px;\n}\n@media (min-width:550px) {\n  #gap-1266415519 {\n    padding-top: 20px;\n  }\n}\n@media (min-width:850px) {\n  #gap-1266415519 {\n    padding-top: 30px;\n  }\n}\n<\/style>\n\t<\/div>\n\t\n<div class=\"row\"  id=\"row-999334478\">\n\n\t<div id=\"col-1672924333\" class=\"col medium-6 small-12 large-6\"  >\n\t\t\t\t<div class=\"col-inner\"  >\n\t\t\t\n\t\t\t\n\n\t\t<div class=\"icon-box featured-box icon-box-left text-left\"  >\n\t\t\t\t\t<div class=\"icon-box-img\" style=\"width: 24px\">\n\t\t\t\t<div class=\"icon\">\n\t\t\t\t\t<div class=\"icon-inner\" style=\"color:rgb(38, 53, 71);\">\n\t\t\t\t\t\t<svg aria-hidden=\"true\" focusable=\"false\" data-prefix=\"fas\" data-icon=\"map-marker-alt\" class=\"svg-inline--fa fa-map-marker-alt fa-w-12\" role=\"img\" xmlns=\"http:\/\/www.w3.org\/2000\/svg\" viewBox=\"0 0 384 512\"><path fill=\"currentColor\" d=\"M172.268 501.67C26.97 291.031 0 269.413 0 192 0 85.961 85.961 0 192 0s192 85.961 192 192c0 77.413-26.97 99.031-172.268 309.67-9.535 13.774-29.93 13.773-39.464 0zM192 272c44.183 0 80-35.817 80-80s-35.817-80-80-80-80 35.817-80 80 35.817 80 80 80z\"><\/path><\/svg>\t\t\t\t\t<\/div>\n\t\t\t\t<\/div>\n\t\t\t<\/div>\n\t\t\t\t<div class=\"icon-box-text last-reset\">\n\t\t\t\t\t\t\t\t\t\n<h3 class=\"uppercase\">Adresse<\/h3>\n<p><strong>Gassi\u2019s Heuboden<\/strong><br \/>Freudenthal 24  <br \/>4294 St. Leonhard bei Freistadt<\/p>\n\t\t<\/div>\n\t<\/div>\n\t\n\t\n\t\t<\/div>\n\t\t\t\t\t<\/div>\n\n\t\n\n\t<div id=\"col-613643938\" class=\"col medium-5 small-12 large-6\"  >\n\t\t\t\t<div class=\"col-inner\"  >\n\t\t\t\n\t\t\t\n\n\t\t<div class=\"icon-box featured-box icon-box-left text-left\"  style=\"margin:20px 0px 0px 0px;\">\n\t\t\t\t\t<div class=\"icon-box-img\" style=\"width: 24px\">\n\t\t\t\t<div class=\"icon\">\n\t\t\t\t\t<div class=\"icon-inner\" style=\"color:rgb(38, 53, 71);\">\n\t\t\t\t\t\t<svg aria-hidden=\"true\" focusable=\"false\" data-prefix=\"fas\" data-icon=\"clock\" class=\"svg-inline--fa fa-clock fa-w-16\" role=\"img\" xmlns=\"http:\/\/www.w3.org\/2000\/svg\" viewBox=\"0 0 512 512\"><path fill=\"currentColor\" d=\"M256,8C119,8,8,119,8,256S119,504,256,504,504,393,504,256,393,8,256,8Zm92.49,313h0l-20,25a16,16,0,0,1-22.49,2.5h0l-67-49.72a40,40,0,0,1-15-31.23V112a16,16,0,0,1,16-16h32a16,16,0,0,1,16,16V256l58,42.5A16,16,0,0,1,348.49,321Z\"><\/path><\/svg>\t\t\t\t\t<\/div>\n\t\t\t\t<\/div>\n\t\t\t<\/div>\n\t\t\t\t<div class=\"icon-box-text last-reset\">\n\t\t\t\t\t\t\t\t\t\n<h3 class=\"uppercase\">\u00d6ffnungszeiten<\/h3>\n<table style=\"border-collapse: collapse; width: 100%; height: 63px;\">\n<tbody>\n<tr style=\"height: 21px;\">\n<td style=\"width: 30.566%; height: 21px;\">Mi &#8211; Sa<\/td>\n<td style=\"width: 69.434%; height: 21px; text-align: right;\">11:00 &#8211; 24:00 Uhr<\/td>\n<\/tr>\n<tr style=\"height: 21px;\">\n<td style=\"width: 30.566%; height: 21px;\">Sonntag<\/td>\n<td style=\"width: 69.434%; height: 21px; text-align: right;\">09:00 &#8211; 22:00 Uhr<\/td>\n<\/tr>\n<tr>\n<td style=\"width: 30.566%;\">Montag<\/td>\n<td style=\"width: 69.434%; text-align: right;\">Ruhetag<\/td>\n<\/tr>\n<tr>\n<td style=\"width: 30.566%;\">Dienstag<\/td>\n<td style=\"width: 69.434%; text-align: right;\">Ruhetag<\/td>\n<\/tr>\n<\/tbody>\n<\/table>\n\t\t<\/div>\n\t<\/div>\n\t\n\t\n\t\t<\/div>\n\t\t\t\t\t<\/div>\n\n\t\n<\/div>\n<div class=\"row\"  id=\"row-1069302338\">\n\n\t<div id=\"col-1767448785\" class=\"col medium-6 small-12 large-6\"  >\n\t\t\t\t<div class=\"col-inner\"  >\n\t\t\t\n\t\t\t\n\n\t\t<div class=\"icon-box featured-box icon-box-left text-left\"  style=\"margin:20px 0px 0px 0px;\">\n\t\t\t\t\t<div class=\"icon-box-img\" style=\"width: 24px\">\n\t\t\t\t<div class=\"icon\">\n\t\t\t\t\t<div class=\"icon-inner\" style=\"color:rgb(38, 53, 71);\">\n\t\t\t\t\t\t<svg aria-hidden=\"true\" focusable=\"false\" data-prefix=\"fas\" data-icon=\"envelope\" class=\"svg-inline--fa fa-envelope fa-w-16\" role=\"img\" xmlns=\"http:\/\/www.w3.org\/2000\/svg\" viewBox=\"0 0 512 512\"><path fill=\"currentColor\" d=\"M502.3 190.8c3.9-3.1 9.7-.2 9.7 4.7V400c0 26.5-21.5 48-48 48H48c-26.5 0-48-21.5-48-48V195.6c0-5 5.7-7.8 9.7-4.7 22.4 17.4 52.1 39.5 154.1 113.6 21.1 15.4 56.7 47.8 92.2 47.6 35.7.3 72-32.8 92.3-47.6 102-74.1 131.6-96.3 154-113.7zM256 320c23.2.4 56.6-29.2 73.4-41.4 132.7-96.3 142.8-104.7 173.4-128.7 5.8-4.5 9.2-11.5 9.2-18.9v-19c0-26.5-21.5-48-48-48H48C21.5 64 0 85.5 0 112v19c0 7.4 3.4 14.3 9.2 18.9 30.6 23.9 40.7 32.4 173.4 128.7 16.8 12.2 50.2 41.8 73.4 41.4z\"><\/path><\/svg>\t\t\t\t\t<\/div>\n\t\t\t\t<\/div>\n\t\t\t<\/div>\n\t\t\t\t<div class=\"icon-box-text last-reset\">\n\t\t\t\t\t\t\t\t\t\n\t<div id=\"text-886904624\" class=\"text\">\n\t\t\n<h3 class=\"uppercase\">E-Mail<\/h3>\n<p><a href=\"mailto:info@gassis-heuboden.at\">info@gassis-heuboden.at<\/a><\/p>\n\t\t\n<style>\n#text-886904624 {\n  line-height: 1;\n}\n<\/style>\n\t<\/div>\n\t\n\t\t<\/div>\n\t<\/div>\n\t\n\t\n\t\t<\/div>\n\t\t\t\t\t<\/div>\n\n\t\n\n\t<div id=\"col-1682739548\" class=\"col medium-6 small-12 large-6\"  >\n\t\t\t\t<div class=\"col-inner\"  >\n\t\t\t\n\t\t\t\n\n\t\t<div class=\"icon-box featured-box icon-box-left text-left\"  style=\"margin:-20px 0px 0px 0px;\">\n\t\t\t\t\t<div class=\"icon-box-img\" style=\"width: 24px\">\n\t\t\t\t<div class=\"icon\">\n\t\t\t\t\t<div class=\"icon-inner\" style=\"color:rgb(38, 53, 71);\">\n\t\t\t\t\t\t<svg aria-hidden=\"true\" focusable=\"false\" data-prefix=\"fas\" data-icon=\"phone-alt\" class=\"svg-inline--fa fa-phone-alt fa-w-16\" role=\"img\" xmlns=\"http:\/\/www.w3.org\/2000\/svg\" viewBox=\"0 0 512 512\"><path fill=\"currentColor\" d=\"M497.39 361.8l-112-48a24 24 0 0 0-28 6.9l-49.6 60.6A370.66 370.66 0 0 1 130.6 204.11l60.6-49.6a23.94 23.94 0 0 0 6.9-28l-48-112A24.16 24.16 0 0 0 122.6.61l-104 24A24 24 0 0 0 0 48c0 256.5 207.9 464 464 464a24 24 0 0 0 23.4-18.6l24-104a24.29 24.29 0 0 0-14.01-27.6z\"><\/path><\/svg>\t\t\t\t\t<\/div>\n\t\t\t\t<\/div>\n\t\t\t<\/div>\n\t\t\t\t<div class=\"icon-box-text last-reset\">\n\t\t\t\t\t\t\t\t\t\n\t<div id=\"text-2738319808\" class=\"text\">\n\t\t\n<h3 class=\"uppercase\">Telefon<\/h3>\n<p><a title=\"\" href=\"tel:+4379528666\">+43 7952 8666<\/a><br \/><a title=\"\" href=\"tel:+436643937141\">+43 664 393 71 41<\/a><\/p>\n\t\t\n<style>\n#text-2738319808 {\n  line-height: 1;\n}\n<\/style>\n\t<\/div>\n\t\n\t\t<\/div>\n\t<\/div>\n\t\n\t\n\t\t<\/div>\n\t\t\t\t\t<\/div>\n\n\t\n<\/div>\n\t\t<\/div>\n\t\t\t\t\n<style>\n#col-348937203 > .col-inner {\n  padding: 0px 0px 0px 20px;\n}\n<\/style>\n\t<\/div>\n\n\t\n\n<style>\n#row-1202323828 > .col > .col-inner {\n  padding: 0px 15px 0px 15px;\n}\n<\/style>\n<\/div>\n\t\t<\/div>\n\t\t\t\t\n<style>\n#col-673338260 > .col-inner {\n  padding: 50px 20px 0px 20px;\n  margin: -0 0px 0px 0px;\n}\n@media (min-width:550px) {\n  #col-673338260 > .col-inner {\n    padding: 50px 20px 30px 20px;\n    margin: 0 0px 0px 0px;\n  }\n}\n@media (min-width:850px) {\n  #col-673338260 > .col-inner {\n    padding: 66px 5% 16px 5%;\n    margin: -135px 0px 0px 0px;\n  }\n}\n<\/style>\n\t<\/div>\n\n\t\n<\/div>\n","protected":false},"excerpt":{"rendered":"","protected":false},"author":1,"featured_media":0,"parent":0,"menu_order":5,"comment_status":"closed","ping_status":"closed","template":"page-blank.php","meta":{"footnotes":""},"class_list":["post-149","page","type-page","status-publish","hentry"],"yoast_head":"<!-- This site is optimized with the Yoast SEO plugin v26.8 - https:\/\/yoast.com\/product\/yoast-seo-wordpress\/ -->\n<title>Kontakt - Gassis Heuboden Online Shop<\/title>\n<meta name=\"robots\" content=\"index, follow, max-snippet:-1, max-image-preview:large, max-video-preview:-1\" \/>\n<link rel=\"canonical\" href=\"https:\/\/www.gassis-heuboden.at\/shop\/kontakt\/\" \/>\n<meta property=\"og:locale\" content=\"de_DE\" \/>\n<meta property=\"og:type\" content=\"article\" \/>\n<meta property=\"og:title\" content=\"Kontakt - Gassis Heuboden Online Shop\" \/>\n<meta property=\"og:url\" content=\"https:\/\/www.gassis-heuboden.at\/shop\/kontakt\/\" \/>\n<meta property=\"og:site_name\" content=\"Gassis Heuboden Online Shop\" \/>\n<meta property=\"article:publisher\" content=\"https:\/\/www.facebook.com\/profile.php?id=100057006267113\" \/>\n<meta property=\"article:modified_time\" content=\"2023-02-27T10:58:50+00:00\" \/>\n<meta property=\"og:image\" content=\"https:\/\/www.gassis-heuboden.at\/shop\/wp-content\/uploads\/2023\/02\/open-graph-home-1400x735.png\" \/>\n\t<meta property=\"og:image:width\" content=\"1400\" \/>\n\t<meta property=\"og:image:height\" content=\"735\" \/>\n\t<meta property=\"og:image:type\" content=\"image\/png\" \/>\n<meta name=\"twitter:card\" content=\"summary_large_image\" \/>\n<meta name=\"twitter:label1\" content=\"Gesch\u00e4tzte Lesezeit\" \/>\n\t<meta name=\"twitter:data1\" content=\"3\u00a0Minuten\" \/>\n<script type=\"application\/ld+json\" class=\"yoast-schema-graph\">{\"@context\":\"https:\/\/schema.org\",\"@graph\":[{\"@type\":\"WebPage\",\"@id\":\"https:\/\/www.gassis-heuboden.at\/shop\/kontakt\/\",\"url\":\"https:\/\/www.gassis-heuboden.at\/shop\/kontakt\/\",\"name\":\"Kontakt - Gassis Heuboden Online Shop\",\"isPartOf\":{\"@id\":\"https:\/\/www.gassis-heuboden.at\/shop\/#website\"},\"datePublished\":\"2023-02-02T16:06:52+00:00\",\"dateModified\":\"2023-02-27T10:58:50+00:00\",\"breadcrumb\":{\"@id\":\"https:\/\/www.gassis-heuboden.at\/shop\/kontakt\/#breadcrumb\"},\"inLanguage\":\"de\",\"potentialAction\":[{\"@type\":\"ReadAction\",\"target\":[\"https:\/\/www.gassis-heuboden.at\/shop\/kontakt\/\"]}]},{\"@type\":\"BreadcrumbList\",\"@id\":\"https:\/\/www.gassis-heuboden.at\/shop\/kontakt\/#breadcrumb\",\"itemListElement\":[{\"@type\":\"ListItem\",\"position\":1,\"name\":\"Startseite\",\"item\":\"https:\/\/www.gassis-heuboden.at\/shop\/\"},{\"@type\":\"ListItem\",\"position\":2,\"name\":\"Kontakt\"}]},{\"@type\":\"WebSite\",\"@id\":\"https:\/\/www.gassis-heuboden.at\/shop\/#website\",\"url\":\"https:\/\/www.gassis-heuboden.at\/shop\/\",\"name\":\"Gassis Heuboden Online Shop\",\"description\":\"\",\"publisher\":{\"@id\":\"https:\/\/www.gassis-heuboden.at\/shop\/#organization\"},\"alternateName\":\"Gassi's Heuboden\",\"potentialAction\":[{\"@type\":\"SearchAction\",\"target\":{\"@type\":\"EntryPoint\",\"urlTemplate\":\"https:\/\/www.gassis-heuboden.at\/shop\/?s={search_term_string}\"},\"query-input\":{\"@type\":\"PropertyValueSpecification\",\"valueRequired\":true,\"valueName\":\"search_term_string\"}}],\"inLanguage\":\"de\"},{\"@type\":\"Organization\",\"@id\":\"https:\/\/www.gassis-heuboden.at\/shop\/#organization\",\"name\":\"Raphael Gassenbauer\",\"alternateName\":\"Gassi's Heuboden\",\"url\":\"https:\/\/www.gassis-heuboden.at\/shop\/\",\"logo\":{\"@type\":\"ImageObject\",\"inLanguage\":\"de\",\"@id\":\"https:\/\/www.gassis-heuboden.at\/shop\/#\/schema\/logo\/image\/\",\"url\":\"https:\/\/www.gassis-heuboden.at\/shop\/wp-content\/uploads\/2023\/02\/favicon.jpg\",\"contentUrl\":\"https:\/\/www.gassis-heuboden.at\/shop\/wp-content\/uploads\/2023\/02\/favicon.jpg\",\"width\":512,\"height\":512,\"caption\":\"Raphael Gassenbauer\"},\"image\":{\"@id\":\"https:\/\/www.gassis-heuboden.at\/shop\/#\/schema\/logo\/image\/\"},\"sameAs\":[\"https:\/\/www.facebook.com\/profile.php?id=100057006267113\",\"https:\/\/www.instagram.com\/gasthaus_gassis_heuboden\/\"]}]}<\/script>\n<!-- \/ Yoast SEO plugin. -->","yoast_head_json":{"title":"Kontakt - Gassis Heuboden Online Shop","robots":{"index":"index","follow":"follow","max-snippet":"max-snippet:-1","max-image-preview":"max-image-preview:large","max-video-preview":"max-video-preview:-1"},"canonical":"https:\/\/www.gassis-heuboden.at\/shop\/kontakt\/","og_locale":"de_DE","og_type":"article","og_title":"Kontakt - Gassis Heuboden Online Shop","og_url":"https:\/\/www.gassis-heuboden.at\/shop\/kontakt\/","og_site_name":"Gassis Heuboden Online Shop","article_publisher":"https:\/\/www.facebook.com\/profile.php?id=100057006267113","article_modified_time":"2023-02-27T10:58:50+00:00","og_image":[{"width":1400,"height":735,"url":"https:\/\/www.gassis-heuboden.at\/shop\/wp-content\/uploads\/2023\/02\/open-graph-home-1400x735.png","type":"image\/png"}],"twitter_card":"summary_large_image","twitter_misc":{"Gesch\u00e4tzte Lesezeit":"3\u00a0Minuten"},"schema":{"@context":"https:\/\/schema.org","@graph":[{"@type":"WebPage","@id":"https:\/\/www.gassis-heuboden.at\/shop\/kontakt\/","url":"https:\/\/www.gassis-heuboden.at\/shop\/kontakt\/","name":"Kontakt - Gassis Heuboden Online Shop","isPartOf":{"@id":"https:\/\/www.gassis-heuboden.at\/shop\/#website"},"datePublished":"2023-02-02T16:06:52+00:00","dateModified":"2023-02-27T10:58:50+00:00","breadcrumb":{"@id":"https:\/\/www.gassis-heuboden.at\/shop\/kontakt\/#breadcrumb"},"inLanguage":"de","potentialAction":[{"@type":"ReadAction","target":["https:\/\/www.gassis-heuboden.at\/shop\/kontakt\/"]}]},{"@type":"BreadcrumbList","@id":"https:\/\/www.gassis-heuboden.at\/shop\/kontakt\/#breadcrumb","itemListElement":[{"@type":"ListItem","position":1,"name":"Startseite","item":"https:\/\/www.gassis-heuboden.at\/shop\/"},{"@type":"ListItem","position":2,"name":"Kontakt"}]},{"@type":"WebSite","@id":"https:\/\/www.gassis-heuboden.at\/shop\/#website","url":"https:\/\/www.gassis-heuboden.at\/shop\/","name":"Gassis Heuboden Online Shop","description":"","publisher":{"@id":"https:\/\/www.gassis-heuboden.at\/shop\/#organization"},"alternateName":"Gassi's Heuboden","potentialAction":[{"@type":"SearchAction","target":{"@type":"EntryPoint","urlTemplate":"https:\/\/www.gassis-heuboden.at\/shop\/?s={search_term_string}"},"query-input":{"@type":"PropertyValueSpecification","valueRequired":true,"valueName":"search_term_string"}}],"inLanguage":"de"},{"@type":"Organization","@id":"https:\/\/www.gassis-heuboden.at\/shop\/#organization","name":"Raphael Gassenbauer","alternateName":"Gassi's Heuboden","url":"https:\/\/www.gassis-heuboden.at\/shop\/","logo":{"@type":"ImageObject","inLanguage":"de","@id":"https:\/\/www.gassis-heuboden.at\/shop\/#\/schema\/logo\/image\/","url":"https:\/\/www.gassis-heuboden.at\/shop\/wp-content\/uploads\/2023\/02\/favicon.jpg","contentUrl":"https:\/\/www.gassis-heuboden.at\/shop\/wp-content\/uploads\/2023\/02\/favicon.jpg","width":512,"height":512,"caption":"Raphael Gassenbauer"},"image":{"@id":"https:\/\/www.gassis-heuboden.at\/shop\/#\/schema\/logo\/image\/"},"sameAs":["https:\/\/www.facebook.com\/profile.php?id=100057006267113","https:\/\/www.instagram.com\/gasthaus_gassis_heuboden\/"]}]}},"_links":{"self":[{"href":"https:\/\/www.gassis-heuboden.at\/shop\/wp-json\/wp\/v2\/pages\/149","targetHints":{"allow":["GET"]}}],"collection":[{"href":"https:\/\/www.gassis-heuboden.at\/shop\/wp-json\/wp\/v2\/pages"}],"about":[{"href":"https:\/\/www.gassis-heuboden.at\/shop\/wp-json\/wp\/v2\/types\/page"}],"author":[{"embeddable":true,"href":"https:\/\/www.gassis-heuboden.at\/shop\/wp-json\/wp\/v2\/users\/1"}],"replies":[{"embeddable":true,"href":"https:\/\/www.gassis-heuboden.at\/shop\/wp-json\/wp\/v2\/comments?post=149"}],"version-history":[{"count":42,"href":"https:\/\/www.gassis-heuboden.at\/shop\/wp-json\/wp\/v2\/pages\/149\/revisions"}],"predecessor-version":[{"id":1081,"href":"https:\/\/www.gassis-heuboden.at\/shop\/wp-json\/wp\/v2\/pages\/149\/revisions\/1081"}],"wp:attachment":[{"href":"https:\/\/www.gassis-heuboden.at\/shop\/wp-json\/wp\/v2\/media?parent=149"}],"curies":[{"name":"wp","href":"https:\/\/api.w.org\/{rel}","templated":true}]}}